{"id":985,"date":"2023-09-06T23:12:45","date_gmt":"2023-09-07T02:12:45","guid":{"rendered":"https:\/\/dibujocb.net\/?page_id=985"},"modified":"2025-08-13T11:08:16","modified_gmt":"2025-08-13T14:08:16","slug":"a13","status":"publish","type":"page","link":"https:\/\/dibujocb.net\/index.php\/a13\/","title":{"rendered":"A13"},"content":{"rendered":"\n<h4 class=\"wp-block-heading\">ACTIVIDAD 15<\/h4>\n\n\n\n<h4 class=\"wp-block-heading\">SITEMAS ORDENADORES<\/h4>\n\n\n\n<p><\/p>\n\n\n\n<h4 class=\"wp-block-heading\">TRAMA<\/h4>\n\n\n\n<div data-wp-interactive=\"core\/file\" class=\"wp-block-file\"><object data-wp-bind--hidden=\"!state.hasPdfPreview\" hidden class=\"wp-block-file__embed\" data=\"https:\/\/dibujocb.net\/wp-content\/uploads\/2023\/09\/Trama-2021-Barone.pdf\" type=\"application\/pdf\" style=\"width:100%;height:600px\" aria-label=\"Incrustado de Trama-2021-Barone.\"><\/object><a id=\"wp-block-file--media-40fe575f-72e3-4fe3-aa3f-efd248c3cb49\" href=\"https:\/\/dibujocb.net\/wp-content\/uploads\/2023\/09\/Trama-2021-Barone.pdf\">Trama-2021-Barone<\/a><a href=\"https:\/\/dibujocb.net\/wp-content\/uploads\/2023\/09\/Trama-2021-Barone.pdf\" class=\"wp-block-file__button wp-element-button\" download aria-describedby=\"wp-block-file--media-40fe575f-72e3-4fe3-aa3f-efd248c3cb49\">Descarga<\/a><\/div>\n\n\n\n<figure class=\"wp-block-image size-large is-resized\"><img loading=\"lazy\" decoding=\"async\" src=\"https:\/\/dibujocb.net\/wp-content\/uploads\/2023\/09\/Rectangulo-Blanco-4-1024x742.png\" alt=\"\" class=\"wp-image-1019\" width=\"28\" height=\"20\" srcset=\"https:\/\/dibujocb.net\/wp-content\/uploads\/2023\/09\/Rectangulo-Blanco-4-1024x742.png 1024w, https:\/\/dibujocb.net\/wp-content\/uploads\/2023\/09\/Rectangulo-Blanco-4-300x217.png 300w, https:\/\/dibujocb.net\/wp-content\/uploads\/2023\/09\/Rectangulo-Blanco-4-768x556.png 768w, https:\/\/dibujocb.net\/wp-content\/uploads\/2023\/09\/Rectangulo-Blanco-4-1536x1113.png 1536w, https:\/\/dibujocb.net\/wp-content\/uploads\/2023\/09\/Rectangulo-Blanco-4-2048x1484.png 2048w\" sizes=\"auto, (max-width: 28px) 100vw, 28px\" \/><\/figure>\n\n\n\n<h5 class=\"wp-block-heading\">ARTICULACI\u00d3N DE MOTIVOS A PARTIR DE LOS CORTES<\/h5>\n\n\n\n<div data-wp-interactive=\"core\/file\" class=\"wp-block-file\"><object data-wp-bind--hidden=\"!state.hasPdfPreview\" hidden class=\"wp-block-file__embed\" data=\"https:\/\/dibujocb.net\/wp-content\/uploads\/2024\/09\/Articulacion-del-motivo-A-partir-de-los-cortes.pdf\" type=\"application\/pdf\" style=\"width:100%;height:600px\" aria-label=\"Incrustado de Articulacion-del-motivo-A-partir-de-los-cortes.\"><\/object><a id=\"wp-block-file--media-4d02fe1e-39de-4a1f-83b4-89b3c9bd18fc\" href=\"https:\/\/dibujocb.net\/wp-content\/uploads\/2024\/09\/Articulacion-del-motivo-A-partir-de-los-cortes.pdf\">Articulacion-del-motivo-A-partir-de-los-cortes<\/a><a href=\"https:\/\/dibujocb.net\/wp-content\/uploads\/2024\/09\/Articulacion-del-motivo-A-partir-de-los-cortes.pdf\" class=\"wp-block-file__button wp-element-button\" download aria-describedby=\"wp-block-file--media-4d02fe1e-39de-4a1f-83b4-89b3c9bd18fc\">Descarga<\/a><\/div>\n\n\n\n<figure class=\"wp-block-image size-large is-resized\"><img loading=\"lazy\" decoding=\"async\" src=\"https:\/\/dibujocb.net\/wp-content\/uploads\/2023\/09\/Rectangulo-Blanco-4-1024x742.png\" alt=\"\" class=\"wp-image-1019\" width=\"28\" height=\"20\" srcset=\"https:\/\/dibujocb.net\/wp-content\/uploads\/2023\/09\/Rectangulo-Blanco-4-1024x742.png 1024w, https:\/\/dibujocb.net\/wp-content\/uploads\/2023\/09\/Rectangulo-Blanco-4-300x217.png 300w, https:\/\/dibujocb.net\/wp-content\/uploads\/2023\/09\/Rectangulo-Blanco-4-768x556.png 768w, https:\/\/dibujocb.net\/wp-content\/uploads\/2023\/09\/Rectangulo-Blanco-4-1536x1113.png 1536w, https:\/\/dibujocb.net\/wp-content\/uploads\/2023\/09\/Rectangulo-Blanco-4-2048x1484.png 2048w\" sizes=\"auto, (max-width: 28px) 100vw, 28px\" \/><\/figure>\n\n\n\n<figure class=\"wp-block-image size-large is-resized\"><img loading=\"lazy\" decoding=\"async\" src=\"https:\/\/dibujocb.net\/wp-content\/uploads\/2023\/09\/Rectangulo-Blanco-4-1024x742.png\" alt=\"\" class=\"wp-image-1019\" width=\"28\" height=\"20\" srcset=\"https:\/\/dibujocb.net\/wp-content\/uploads\/2023\/09\/Rectangulo-Blanco-4-1024x742.png 1024w, https:\/\/dibujocb.net\/wp-content\/uploads\/2023\/09\/Rectangulo-Blanco-4-300x217.png 300w, https:\/\/dibujocb.net\/wp-content\/uploads\/2023\/09\/Rectangulo-Blanco-4-768x556.png 768w, https:\/\/dibujocb.net\/wp-content\/uploads\/2023\/09\/Rectangulo-Blanco-4-1536x1113.png 1536w, https:\/\/dibujocb.net\/wp-content\/uploads\/2023\/09\/Rectangulo-Blanco-4-2048x1484.png 2048w\" sizes=\"auto, (max-width: 28px) 100vw, 28px\" \/><\/figure>\n\n\n\n<figure class=\"wp-block-image size-large is-resized\"><img loading=\"lazy\" decoding=\"async\" src=\"https:\/\/dibujocb.net\/wp-content\/uploads\/2023\/09\/Rectangulo-Blanco-4-1024x742.png\" alt=\"\" class=\"wp-image-1019\" width=\"28\" height=\"20\" srcset=\"https:\/\/dibujocb.net\/wp-content\/uploads\/2023\/09\/Rectangulo-Blanco-4-1024x742.png 1024w, https:\/\/dibujocb.net\/wp-content\/uploads\/2023\/09\/Rectangulo-Blanco-4-300x217.png 300w, https:\/\/dibujocb.net\/wp-content\/uploads\/2023\/09\/Rectangulo-Blanco-4-768x556.png 768w, https:\/\/dibujocb.net\/wp-content\/uploads\/2023\/09\/Rectangulo-Blanco-4-1536x1113.png 1536w, https:\/\/dibujocb.net\/wp-content\/uploads\/2023\/09\/Rectangulo-Blanco-4-2048x1484.png 2048w\" sizes=\"auto, (max-width: 28px) 100vw, 28px\" \/><\/figure>\n\n\n\n<h5 class=\"wp-block-heading\">ARTICULACI\u00d3N DE 2 MOTIVOS PARA LA GENERACI\u00d3N DE UNA TRAMA <br><\/h5>\n\n\n\n<figure class=\"wp-block-embed is-type-video is-provider-youtube wp-block-embed-youtube wp-embed-aspect-16-9 wp-has-aspect-ratio\"><div class=\"wp-block-embed__wrapper\">\n<iframe loading=\"lazy\" title=\"Articulaci\u00f3n de Motivos para generar una Trama\" width=\"500\" height=\"281\" src=\"https:\/\/www.youtube.com\/embed\/28JfJ9z_vNs?feature=oembed\" frameborder=\"0\" allow=\"accelerometer; autoplay; clipboard-write; encrypted-media; gyroscope; picture-in-picture; web-share\" referrerpolicy=\"strict-origin-when-cross-origin\" allowfullscreen><\/iframe>\n<\/div><\/figure>\n\n\n\n<figure class=\"wp-block-image size-large is-resized\"><img loading=\"lazy\" decoding=\"async\" src=\"https:\/\/dibujocb.net\/wp-content\/uploads\/2023\/09\/Rectangulo-Blanco-4-1024x742.png\" alt=\"\" class=\"wp-image-1019\" width=\"28\" height=\"20\" srcset=\"https:\/\/dibujocb.net\/wp-content\/uploads\/2023\/09\/Rectangulo-Blanco-4-1024x742.png 1024w, https:\/\/dibujocb.net\/wp-content\/uploads\/2023\/09\/Rectangulo-Blanco-4-300x217.png 300w, https:\/\/dibujocb.net\/wp-content\/uploads\/2023\/09\/Rectangulo-Blanco-4-768x556.png 768w, https:\/\/dibujocb.net\/wp-content\/uploads\/2023\/09\/Rectangulo-Blanco-4-1536x1113.png 1536w, https:\/\/dibujocb.net\/wp-content\/uploads\/2023\/09\/Rectangulo-Blanco-4-2048x1484.png 2048w\" sizes=\"auto, (max-width: 28px) 100vw, 28px\" \/><\/figure>\n\n\n\n<figure class=\"wp-block-image size-large is-resized\"><img loading=\"lazy\" decoding=\"async\" src=\"https:\/\/dibujocb.net\/wp-content\/uploads\/2023\/09\/Rectangulo-Blanco-4-1024x742.png\" alt=\"\" class=\"wp-image-1019\" width=\"28\" height=\"20\" srcset=\"https:\/\/dibujocb.net\/wp-content\/uploads\/2023\/09\/Rectangulo-Blanco-4-1024x742.png 1024w, https:\/\/dibujocb.net\/wp-content\/uploads\/2023\/09\/Rectangulo-Blanco-4-300x217.png 300w, https:\/\/dibujocb.net\/wp-content\/uploads\/2023\/09\/Rectangulo-Blanco-4-768x556.png 768w, https:\/\/dibujocb.net\/wp-content\/uploads\/2023\/09\/Rectangulo-Blanco-4-1536x1113.png 1536w, https:\/\/dibujocb.net\/wp-content\/uploads\/2023\/09\/Rectangulo-Blanco-4-2048x1484.png 2048w\" sizes=\"auto, (max-width: 28px) 100vw, 28px\" \/><\/figure>\n\n\n\n<h5 class=\"wp-block-heading\">CONSIGNAS DE LA ACTIVIDAD 15<\/h5>\n\n\n\n<div data-wp-interactive=\"core\/file\" class=\"wp-block-file\"><object data-wp-bind--hidden=\"!state.hasPdfPreview\" hidden class=\"wp-block-file__embed\" data=\"https:\/\/dibujocb.net\/wp-content\/uploads\/2023\/09\/CBC-TRAMA-2023.pdf\" type=\"application\/pdf\" style=\"width:100%;height:600px\" aria-label=\"Incrustado de CBC-TRAMA-2023.\"><\/object><a id=\"wp-block-file--media-439ec9ba-88aa-43ed-8ce2-f489c92022e0\" href=\"https:\/\/dibujocb.net\/wp-content\/uploads\/2023\/09\/CBC-TRAMA-2023.pdf\">CBC-TRAMA-2023<\/a><a href=\"https:\/\/dibujocb.net\/wp-content\/uploads\/2023\/09\/CBC-TRAMA-2023.pdf\" class=\"wp-block-file__button wp-element-button\" download aria-describedby=\"wp-block-file--media-439ec9ba-88aa-43ed-8ce2-f489c92022e0\">Descarga<\/a><\/div>\n","protected":false},"excerpt":{"rendered":"<p>ACTIVIDAD 15 SITEMAS ORDENADORES TRAMA ARTICULACI\u00d3N DE MOTIVOS A PARTIR DE LOS CORTES ARTICULACI\u00d3N DE 2 MOTIVOS PARA LA GENERACI\u00d3N DE UNA TRAMA CONSIGNAS DE LA ACTIVIDAD 15<\/p>\n","protected":false},"author":1,"featured_media":0,"parent":0,"menu_order":0,"comment_status":"closed","ping_status":"closed","template":"","meta":{"site-sidebar-layout":"default","site-content-layout":"","ast-site-content-layout":"default","site-content-style":"default","site-sidebar-style":"default","ast-global-header-display":"","ast-banner-title-visibility":"","ast-main-header-display":"","ast-hfb-above-header-display":"","ast-hfb-below-header-display":"","ast-hfb-mobile-header-display":"","site-post-title":"","ast-breadcrumbs-content":"","ast-featured-img":"","footer-sml-layout":"","ast-disable-related-posts":"","theme-transparent-header-meta":"","adv-header-id-meta":"","stick-header-meta":"","header-above-stick-meta":"","header-main-stick-meta":"","header-below-stick-meta":"","astra-migrate-meta-layouts":"default","ast-page-background-enabled":"default","ast-page-background-meta":{"desktop":{"background-color":"var(--ast-global-color-4)","background-image":"","background-repeat":"repeat","background-position":"center center","background-size":"auto","background-attachment":"scroll","background-type":"","background-media":"","overlay-type":"","overlay-color":"","overlay-opacity":"","overlay-gradient":""},"tablet":{"background-color":"","background-image":"","background-repeat":"repeat","background-position":"center center","background-size":"auto","background-attachment":"scroll","background-type":"","background-media":"","overlay-type":"","overlay-color":"","overlay-opacity":"","overlay-gradient":""},"mobile":{"background-color":"","background-image":"","background-repeat":"repeat","background-position":"center center","background-size":"auto","background-attachment":"scroll","background-type":"","background-media":"","overlay-type":"","overlay-color":"","overlay-opacity":"","overlay-gradient":""}},"ast-content-background-meta":{"desktop":{"background-color":"var(--ast-global-color-5)","background-image":"","background-repeat":"repeat","background-position":"center center","background-size":"auto","background-attachment":"scroll","background-type":"","background-media":"","overlay-type":"","overlay-color":"","overlay-opacity":"","overlay-gradient":""},"tablet":{"background-color":"var(--ast-global-color-5)","background-image":"","background-repeat":"repeat","background-position":"center center","background-size":"auto","background-attachment":"scroll","background-type":"","background-media":"","overlay-type":"","overlay-color":"","overlay-opacity":"","overlay-gradient":""},"mobile":{"background-color":"var(--ast-global-color-5)","background-image":"","background-repeat":"repeat","background-position":"center center","background-size":"auto","background-attachment":"scroll","background-type":"","background-media":"","overlay-type":"","overlay-color":"","overlay-opacity":"","overlay-gradient":""}},"footnotes":""},"class_list":["post-985","page","type-page","status-publish","hentry"],"_links":{"self":[{"href":"https:\/\/dibujocb.net\/index.php\/wp-json\/wp\/v2\/pages\/985","targetHints":{"allow":["GET"]}}],"collection":[{"href":"https:\/\/dibujocb.net\/index.php\/wp-json\/wp\/v2\/pages"}],"about":[{"href":"https:\/\/dibujocb.net\/index.php\/wp-json\/wp\/v2\/types\/page"}],"author":[{"embeddable":true,"href":"https:\/\/dibujocb.net\/index.php\/wp-json\/wp\/v2\/users\/1"}],"replies":[{"embeddable":true,"href":"https:\/\/dibujocb.net\/index.php\/wp-json\/wp\/v2\/comments?post=985"}],"version-history":[{"count":23,"href":"https:\/\/dibujocb.net\/index.php\/wp-json\/wp\/v2\/pages\/985\/revisions"}],"predecessor-version":[{"id":1453,"href":"https:\/\/dibujocb.net\/index.php\/wp-json\/wp\/v2\/pages\/985\/revisions\/1453"}],"wp:attachment":[{"href":"https:\/\/dibujocb.net\/index.php\/wp-json\/wp\/v2\/media?parent=985"}],"curies":[{"name":"wp","href":"https:\/\/api.w.org\/{rel}","templated":true}]}}