{"id":898,"date":"2023-06-02T21:55:25","date_gmt":"2023-06-03T00:55:25","guid":{"rendered":"https:\/\/dibujocb.net\/?page_id=898"},"modified":"2025-09-01T11:23:02","modified_gmt":"2025-09-01T14:23:02","slug":"a11","status":"publish","type":"page","link":"https:\/\/dibujocb.net\/index.php\/a11\/","title":{"rendered":"A13"},"content":{"rendered":"\n<h4 class=\"wp-block-heading\">ESTOS CONTENIDOS NO SER\u00c1N TRATADOS EN EL CURSO 2025<\/h4>\n\n\n\n<figure class=\"wp-block-image size-large is-resized\"><img loading=\"lazy\" decoding=\"async\" src=\"https:\/\/dibujocb.net\/wp-content\/uploads\/2023\/09\/Rectangulo-Blanco-1024x742.png\" alt=\"\" class=\"wp-image-958\" width=\"35\" height=\"25\" srcset=\"https:\/\/dibujocb.net\/wp-content\/uploads\/2023\/09\/Rectangulo-Blanco-1024x742.png 1024w, https:\/\/dibujocb.net\/wp-content\/uploads\/2023\/09\/Rectangulo-Blanco-300x217.png 300w, https:\/\/dibujocb.net\/wp-content\/uploads\/2023\/09\/Rectangulo-Blanco-768x556.png 768w, https:\/\/dibujocb.net\/wp-content\/uploads\/2023\/09\/Rectangulo-Blanco-1536x1113.png 1536w, https:\/\/dibujocb.net\/wp-content\/uploads\/2023\/09\/Rectangulo-Blanco-2048x1484.png 2048w\" sizes=\"auto, (max-width: 35px) 100vw, 35px\" \/><\/figure>\n\n\n\n<h4 class=\"wp-block-heading\">ACTIVIDAD 13<\/h4>\n\n\n\n<h4 class=\"wp-block-heading\">SISTEMAS ORDENADORES <\/h4>\n\n\n\n<h4 class=\"wp-block-heading\">OPERACIONES DE SIMETR\u00cdA<\/h4>\n\n\n\n<figure class=\"wp-block-embed is-type-video is-provider-youtube wp-block-embed-youtube wp-embed-aspect-16-9 wp-has-aspect-ratio\"><div class=\"wp-block-embed__wrapper\">\n<iframe loading=\"lazy\" title=\"Operaciones de Simetr\u00eda - Parte I   2018\" width=\"500\" height=\"281\" src=\"https:\/\/www.youtube.com\/embed\/PfHUErBukZM?feature=oembed\" frameborder=\"0\" allow=\"accelerometer; autoplay; clipboard-write; encrypted-media; gyroscope; picture-in-picture; web-share\" referrerpolicy=\"strict-origin-when-cross-origin\" allowfullscreen><\/iframe>\n<\/div><\/figure>\n\n\n\n<figure class=\"wp-block-embed is-type-video is-provider-youtube wp-block-embed-youtube wp-embed-aspect-16-9 wp-has-aspect-ratio\"><div class=\"wp-block-embed__wrapper\">\n<iframe loading=\"lazy\" title=\"Operaciones de Simetr\u00eda - Parte I   2018\" width=\"500\" height=\"281\" src=\"https:\/\/www.youtube.com\/embed\/PfHUErBukZM?feature=oembed\" frameborder=\"0\" allow=\"accelerometer; autoplay; clipboard-write; encrypted-media; gyroscope; picture-in-picture; web-share\" referrerpolicy=\"strict-origin-when-cross-origin\" allowfullscreen><\/iframe>\n<\/div><\/figure>\n\n\n\n<figure class=\"wp-block-embed is-type-video is-provider-youtube wp-block-embed-youtube wp-embed-aspect-16-9 wp-has-aspect-ratio\"><div class=\"wp-block-embed__wrapper\">\n<iframe loading=\"lazy\" title=\"Operaciones de Simetr\u00eda - Parte II 2018\" width=\"500\" height=\"281\" src=\"https:\/\/www.youtube.com\/embed\/zFGY4lGKX-0?feature=oembed\" frameborder=\"0\" allow=\"accelerometer; autoplay; clipboard-write; encrypted-media; gyroscope; picture-in-picture; web-share\" referrerpolicy=\"strict-origin-when-cross-origin\" allowfullscreen><\/iframe>\n<\/div><\/figure>\n\n\n\n<figure class=\"wp-block-image size-large is-resized\"><img loading=\"lazy\" decoding=\"async\" src=\"https:\/\/dibujocb.net\/wp-content\/uploads\/2023\/09\/Rectangulo-Blanco-1024x742.png\" alt=\"\" class=\"wp-image-958\" width=\"35\" height=\"25\" srcset=\"https:\/\/dibujocb.net\/wp-content\/uploads\/2023\/09\/Rectangulo-Blanco-1024x742.png 1024w, https:\/\/dibujocb.net\/wp-content\/uploads\/2023\/09\/Rectangulo-Blanco-300x217.png 300w, https:\/\/dibujocb.net\/wp-content\/uploads\/2023\/09\/Rectangulo-Blanco-768x556.png 768w, https:\/\/dibujocb.net\/wp-content\/uploads\/2023\/09\/Rectangulo-Blanco-1536x1113.png 1536w, https:\/\/dibujocb.net\/wp-content\/uploads\/2023\/09\/Rectangulo-Blanco-2048x1484.png 2048w\" sizes=\"auto, (max-width: 35px) 100vw, 35px\" \/><\/figure>\n\n\n\n<figure class=\"wp-block-image size-large is-resized\"><img loading=\"lazy\" decoding=\"async\" src=\"https:\/\/dibujocb.net\/wp-content\/uploads\/2023\/09\/Rectangulo-Blanco-1024x742.png\" alt=\"\" class=\"wp-image-958\" width=\"35\" height=\"25\" srcset=\"https:\/\/dibujocb.net\/wp-content\/uploads\/2023\/09\/Rectangulo-Blanco-1024x742.png 1024w, https:\/\/dibujocb.net\/wp-content\/uploads\/2023\/09\/Rectangulo-Blanco-300x217.png 300w, https:\/\/dibujocb.net\/wp-content\/uploads\/2023\/09\/Rectangulo-Blanco-768x556.png 768w, https:\/\/dibujocb.net\/wp-content\/uploads\/2023\/09\/Rectangulo-Blanco-1536x1113.png 1536w, https:\/\/dibujocb.net\/wp-content\/uploads\/2023\/09\/Rectangulo-Blanco-2048x1484.png 2048w\" sizes=\"auto, (max-width: 35px) 100vw, 35px\" \/><\/figure>\n\n\n\n<p><\/p>\n\n\n\n<h4 class=\"wp-block-heading\">Obtenci\u00f3n del Motivo<\/h4>\n\n\n\n<div data-wp-interactive=\"core\/file\" class=\"wp-block-file\"><object data-wp-bind--hidden=\"!state.hasPdfPreview\" hidden class=\"wp-block-file__embed\" data=\"https:\/\/dibujocb.net\/wp-content\/uploads\/2024\/09\/ARTICULACION-DEL-MOTIVO-Operaciones-de-Simetria.pdf\" type=\"application\/pdf\" style=\"width:100%;height:600px\" aria-label=\"Incrustado de ARTICULACION-DEL-MOTIVO-Operaciones-de-Simetria.\"><\/object><a id=\"wp-block-file--media-a9c72927-aa88-4bde-9131-9d1cf1c99fbd\" href=\"https:\/\/dibujocb.net\/wp-content\/uploads\/2024\/09\/ARTICULACION-DEL-MOTIVO-Operaciones-de-Simetria.pdf\">ARTICULACION-DEL-MOTIVO-Operaciones-de-Simetria<\/a><a href=\"https:\/\/dibujocb.net\/wp-content\/uploads\/2024\/09\/ARTICULACION-DEL-MOTIVO-Operaciones-de-Simetria.pdf\" class=\"wp-block-file__button wp-element-button\" download aria-describedby=\"wp-block-file--media-a9c72927-aa88-4bde-9131-9d1cf1c99fbd\">Descarga<\/a><\/div>\n\n\n\n<h4 class=\"wp-block-heading\">Consignas de la Actividad 13<\/h4>\n\n\n\n<div data-wp-interactive=\"core\/file\" class=\"wp-block-file\"><object data-wp-bind--hidden=\"!state.hasPdfPreview\" hidden class=\"wp-block-file__embed\" data=\"https:\/\/dibujocb.net\/wp-content\/uploads\/2023\/09\/Simetria-Parte-A-2022-1.pdf\" type=\"application\/pdf\" style=\"width:100%;height:600px\" aria-label=\"Incrustado de Simetria-Parte-A-2022-1.\"><\/object><a id=\"wp-block-file--media-5da66712-aa90-4289-ae35-27a2c1bdc6ba\" href=\"https:\/\/dibujocb.net\/wp-content\/uploads\/2023\/09\/Simetria-Parte-A-2022-1.pdf\">Simetria-Parte-A-2022-1<\/a><a href=\"https:\/\/dibujocb.net\/wp-content\/uploads\/2023\/09\/Simetria-Parte-A-2022-1.pdf\" class=\"wp-block-file__button wp-element-button\" download aria-describedby=\"wp-block-file--media-5da66712-aa90-4289-ae35-27a2c1bdc6ba\">Descarga<\/a><\/div>\n\n\n\n<figure class=\"wp-block-image size-large is-resized\"><img loading=\"lazy\" decoding=\"async\" src=\"https:\/\/dibujocb.net\/wp-content\/uploads\/2023\/09\/Rectangulo-Blanco-1-1024x742.png\" alt=\"\" class=\"wp-image-961\" width=\"41\" height=\"30\" srcset=\"https:\/\/dibujocb.net\/wp-content\/uploads\/2023\/09\/Rectangulo-Blanco-1-1024x742.png 1024w, https:\/\/dibujocb.net\/wp-content\/uploads\/2023\/09\/Rectangulo-Blanco-1-300x217.png 300w, https:\/\/dibujocb.net\/wp-content\/uploads\/2023\/09\/Rectangulo-Blanco-1-768x556.png 768w, https:\/\/dibujocb.net\/wp-content\/uploads\/2023\/09\/Rectangulo-Blanco-1-1536x1113.png 1536w, https:\/\/dibujocb.net\/wp-content\/uploads\/2023\/09\/Rectangulo-Blanco-1-2048x1484.png 2048w\" sizes=\"auto, (max-width: 41px) 100vw, 41px\" \/><\/figure>\n\n\n\n<div data-wp-interactive=\"core\/file\" class=\"wp-block-file\"><object data-wp-bind--hidden=\"!state.hasPdfPreview\" hidden class=\"wp-block-file__embed\" data=\"https:\/\/dibujocb.net\/wp-content\/uploads\/2023\/09\/Del-Concepto-al-Hecho-Simetria-2020.pdf\" type=\"application\/pdf\" style=\"width:100%;height:600px\" aria-label=\"Incrustado de Del-Concepto-al-Hecho-Simetria-2020.\"><\/object><a id=\"wp-block-file--media-c6c68d81-ae49-4618-9115-068046ae4847\" href=\"https:\/\/dibujocb.net\/wp-content\/uploads\/2023\/09\/Del-Concepto-al-Hecho-Simetria-2020.pdf\">Del-Concepto-al-Hecho-Simetria-2020<\/a><a href=\"https:\/\/dibujocb.net\/wp-content\/uploads\/2023\/09\/Del-Concepto-al-Hecho-Simetria-2020.pdf\" class=\"wp-block-file__button wp-element-button\" download aria-describedby=\"wp-block-file--media-c6c68d81-ae49-4618-9115-068046ae4847\">Descarga<\/a><\/div>\n","protected":false},"excerpt":{"rendered":"<p>ESTOS CONTENIDOS NO SER\u00c1N TRATADOS EN EL CURSO 2025 ACTIVIDAD 13 SISTEMAS ORDENADORES OPERACIONES DE SIMETR\u00cdA Obtenci\u00f3n del Motivo Consignas de la Actividad 13<\/p>\n","protected":false},"author":1,"featured_media":0,"parent":0,"menu_order":0,"comment_status":"closed","ping_status":"closed","template":"","meta":{"site-sidebar-layout":"default","site-content-layout":"","ast-site-content-layout":"default","site-content-style":"default","site-sidebar-style":"default","ast-global-header-display":"","ast-banner-title-visibility":"","ast-main-header-display":"","ast-hfb-above-header-display":"","ast-hfb-below-header-display":"","ast-hfb-mobile-header-display":"","site-post-title":"","ast-breadcrumbs-content":"","ast-featured-img":"","footer-sml-layout":"","ast-disable-related-posts":"","theme-transparent-header-meta":"","adv-header-id-meta":"","stick-header-meta":"","header-above-stick-meta":"","header-main-stick-meta":"","header-below-stick-meta":"","astra-migrate-meta-layouts":"default","ast-page-background-enabled":"default","ast-page-background-meta":{"desktop":{"background-color":"var(--ast-global-color-4)","background-image":"","background-repeat":"repeat","background-position":"center center","background-size":"auto","background-attachment":"scroll","background-type":"","background-media":"","overlay-type":"","overlay-color":"","overlay-opacity":"","overlay-gradient":""},"tablet":{"background-color":"","background-image":"","background-repeat":"repeat","background-position":"center center","background-size":"auto","background-attachment":"scroll","background-type":"","background-media":"","overlay-type":"","overlay-color":"","overlay-opacity":"","overlay-gradient":""},"mobile":{"background-color":"","background-image":"","background-repeat":"repeat","background-position":"center center","background-size":"auto","background-attachment":"scroll","background-type":"","background-media":"","overlay-type":"","overlay-color":"","overlay-opacity":"","overlay-gradient":""}},"ast-content-background-meta":{"desktop":{"background-color":"var(--ast-global-color-5)","background-image":"","background-repeat":"repeat","background-position":"center center","background-size":"auto","background-attachment":"scroll","background-type":"","background-media":"","overlay-type":"","overlay-color":"","overlay-opacity":"","overlay-gradient":""},"tablet":{"background-color":"var(--ast-global-color-5)","background-image":"","background-repeat":"repeat","background-position":"center center","background-size":"auto","background-attachment":"scroll","background-type":"","background-media":"","overlay-type":"","overlay-color":"","overlay-opacity":"","overlay-gradient":""},"mobile":{"background-color":"var(--ast-global-color-5)","background-image":"","background-repeat":"repeat","background-position":"center center","background-size":"auto","background-attachment":"scroll","background-type":"","background-media":"","overlay-type":"","overlay-color":"","overlay-opacity":"","overlay-gradient":""}},"footnotes":""},"class_list":["post-898","page","type-page","status-publish","hentry"],"_links":{"self":[{"href":"https:\/\/dibujocb.net\/index.php\/wp-json\/wp\/v2\/pages\/898","targetHints":{"allow":["GET"]}}],"collection":[{"href":"https:\/\/dibujocb.net\/index.php\/wp-json\/wp\/v2\/pages"}],"about":[{"href":"https:\/\/dibujocb.net\/index.php\/wp-json\/wp\/v2\/types\/page"}],"author":[{"embeddable":true,"href":"https:\/\/dibujocb.net\/index.php\/wp-json\/wp\/v2\/users\/1"}],"replies":[{"embeddable":true,"href":"https:\/\/dibujocb.net\/index.php\/wp-json\/wp\/v2\/comments?post=898"}],"version-history":[{"count":20,"href":"https:\/\/dibujocb.net\/index.php\/wp-json\/wp\/v2\/pages\/898\/revisions"}],"predecessor-version":[{"id":1906,"href":"https:\/\/dibujocb.net\/index.php\/wp-json\/wp\/v2\/pages\/898\/revisions\/1906"}],"wp:attachment":[{"href":"https:\/\/dibujocb.net\/index.php\/wp-json\/wp\/v2\/media?parent=898"}],"curies":[{"name":"wp","href":"https:\/\/api.w.org\/{rel}","templated":true}]}}