{"id":84,"date":"2023-03-26T03:39:16","date_gmt":"2023-03-26T06:39:16","guid":{"rendered":"https:\/\/dibujocb.net\/?page_id=84"},"modified":"2025-04-04T21:34:17","modified_gmt":"2025-04-05T00:34:17","slug":"recursos","status":"publish","type":"page","link":"https:\/\/dibujocb.net\/index.php\/recursos\/","title":{"rendered":"Recursos"},"content":{"rendered":"\n<h4 class=\"wp-block-heading\"><strong>PAUTAS PARA EL FUNCIONAMIENTO INTERNO<\/strong><\/h4>\n\n\n\n<p><strong>Dibujo <\/strong>es una <strong>materia anual<\/strong> que consta de una clase semanal. Las clases se dictar\u00e1n durante el 1\u00b0 y 2\u00b0 cuatrimestre con un receso entre ambos.<\/p>\n\n\n\n<p>Desarrollo del 1\u00b0 Cuatrimestre: 03\/04\/25 al 12\/07\/25<\/p>\n\n\n\n<p>Desarrollo del 2\u00b0 Cuatrimestre: 11\/08\/25 al 22\/11\/25<\/p>\n\n\n\n<p><strong>DESARROLLO DE LAS CLASES<\/strong><\/p>\n\n\n\n<p>Horario: Las clases son de 4 horas, una vez por semana. Los d\u00edas de dictado son los martes en el horario de 19 a 23, en Ciudad Universitaria y los mi\u00e9rcoles de 13 a 17, en el Centro Universitario Regional Norte <em>(San Isidro)<\/em>, de acuerdo con el turno asignado.<\/p>\n\n\n\n<p>La c\u00e1tedra no modificar\u00e1 el turno asignado al alumno sin el comprobante de inscripci\u00f3n<br>correspondiente otorgado por Secretar\u00eda de Sede ni aceptar\u00e1 cambios de aula.<\/p>\n\n\n\n<p>La asignaci\u00f3n de estudiantes por docente en los talleres responde a la necesidad de distribuir el n\u00famero total de ingresantes de manera organizada, en consecuencia, no ser\u00e1 posible el cambio de grupo.<\/p>\n\n\n\n<p>Para evitar inconvenientes futuros, los alumnos deber\u00e1n verificar si se encuentran en las listas oficiales de la c\u00e1tedra ya que a partir de ellas se realizar\u00e1n las actas en donde se volcar\u00e1n las notas finales de la materia. <em>Si el estudiante no aparece en las actas no tendr\u00e1 la constancia de su calificaci\u00f3n otorgada por el CBC de la UBA.<\/em><\/p>\n\n\n\n<p><br>Los ingresantes tard\u00edos autorizados por el CBC a incorporarse a la c\u00e1tedra con el dictado del curso ya avanzado deber\u00e1n ponerse al d\u00eda y alcanzar sin demoras el r\u00e9gimen en el que se encuentren el resto de los estudiantes. Recurrir\u00e1n para ello a las gu\u00edas de Trabajos Pr\u00e1cticos, al aula virtual o a consultas a compa\u00f1eros. En estos casos los informes personalizados por parte de los docentes no son posibles pues dificultan el natural avance del trabajo del grupo.<\/p>\n\n\n\n<p><strong>ASISTENCIA<\/strong><\/p>\n\n\n\n<p>Para conservar la condici\u00f3n de regularidad, el estudiante deber\u00e1 asistir al 75 % de las clases. Considerando que las clases por cuatrimestre son aproximadamente 13, esto significa que podr\u00e1n faltar un m\u00e1ximo de 3 clases en ese lapso, estas ausencias no podr\u00e1n ser consecutivas, (seg\u00fan lo establecido por reglamento de la UBA).<\/p>\n\n\n\n<p>Durante el horario de clase se dar\u00e1n explicaciones te\u00f3ricas generales, explicaciones en el taller por grupos y se resolver\u00e1n las ejercitaciones de cada d\u00eda. Es fundamental la presencia del alumno en el horario completo ya que el n\u00famero de clases es escaso en relaci\u00f3n con la cantidad y variedad de conocimientos que deben impartirse.<\/p>\n\n\n\n<p>Es indispensable que los estudiantes hayan incorporado, antes de iniciar las actividades de cada d\u00eda, <strong>el material audiovisual y textual disponible a tal efecto en el Drive de la c\u00e1tedra. <\/strong>De la misma manera, deber\u00e1n disponerse de los materiales que los docentes soliciten para la realizaci\u00f3n de los trabajos. Esto es fundamental para poder desarrollar las actividades establecidas.<\/p>\n\n\n\n<p>Dibujo es una materia de <strong>Taller, por lo tanto, se considerar\u00e1 presente al alumno que adem\u00e1s de asistir en el horario completo, participe y realice los trabajos planteados para cada clase.<\/strong><\/p>\n\n\n\n<p>Los estudiantes&nbsp;<strong>deber\u00e1n intervenir activamente<\/strong><strong>&nbsp;<\/strong>en las correcciones, ya sea explicando sus trabajos o dialogando con el profesor y sus compa\u00f1eros. En funci\u00f3n de las cr\u00edticas realizadas a los trabajos expuestos se deber\u00e1n realizar las correcciones indicadas por el docente. Tambi\u00e9n se incentivar\u00e1 la realizaci\u00f3n de autocr\u00edticas para posibilitar el proceso de autocorrecci\u00f3n del estudiante. Dado el elevado n\u00famero de alumnos por docente, las correcciones individuales se dar\u00e1n solo cuando las condiciones lo permitan.<\/p>\n\n\n\n<p>Es necesario el cumplimiento de los tiempos asignados a cada tarea para poder concluir con la totalidad de los trabajos correspondientes a cada etapa del proceso.<\/p>\n\n\n\n<p>Los trabajos que se soliciten deber\u00e1n entregarse en tiempo y forma, sin excepci\u00f3n.<\/p>\n\n\n\n<p><strong>MATERIAL DID\u00c1CTICO<\/strong><\/p>\n\n\n\n<p>La informaci\u00f3n sobre la ejercitaci\u00f3n y el apoyo te\u00f3rico se dar\u00e1 a trav\u00e9s del material audiovisual de la C\u00e1tedra, gu\u00edas y apuntes. Antes de iniciar cada trabajo es necesario el estudio y comprensi\u00f3n de los videos y la lectura de las gu\u00edas y la bibliograf\u00eda recomendada.<\/p>\n\n\n\n<p><strong>EVALUACI\u00d3N<\/strong><\/p>\n\n\n\n<p>Se realizar\u00e1 a trav\u00e9s de entregas de trabajos, de esquicios de algunos temas y de parciales. <strong><\/strong><\/p>\n\n\n\n<p><strong>Entrega del 1\u00b0 cuatrimestre: <\/strong>A fin del mes de junio los alumnos entregar\u00e1n <strong>todos los trabajos<\/strong> realizados en el cuatrimestre. Las l\u00e1minas se colocar\u00e1n ordenadas cronol\u00f3gicamente en una carpeta adecuada, tambi\u00e9n se entregar\u00e1n las maquetas realizadas en el per\u00edodo en sus correspondientes cajas. Los docentes corregir\u00e1n lo entregado y realizar\u00e1n la devoluci\u00f3n de carpetas y notas antes del receso.<\/p>\n\n\n\n<p><strong>Entrega final:<\/strong> Al concluir la cursada se entregar\u00e1n nuevamente todas las l\u00e1minas realizadas desde el inicio del a\u00f1o &#8220;ordenadas cronol\u00f3gicamente&#8221; y las maquetas correspondientes al curso.<\/p>\n\n\n\n<p>La c\u00e1tedra evaluar\u00e1 lo realizado y har\u00e1 la devoluci\u00f3n de los trabajos a la vez que entregar\u00e1 la calificaci\u00f3n definitiva obtenida por el estudiante en la materia. <strong>La entrega ser\u00e1 el reflejo de un proceso elaborado fundamentalmente en clase, ordenado y prolijamente realizado y con seguimiento del docente. El trabajo entregado sin proceso que lo avale se considerar\u00e1 no presentado.<\/strong><\/p>\n\n\n\n<p><strong>Parciales:<\/strong> se tomar\u00e1n dos parciales, uno en cada cuatrimestre. La calificaci\u00f3n de dichos parciales ser\u00e1 un elemento m\u00e1s para definir el desempe\u00f1o del alumno.<\/p>\n\n\n\n<p><strong>Esquicios:<\/strong> durante el a\u00f1o hay algunos ejercicios que deben definirse r\u00e1pidamente para evaluar determinadas instancias del recorrido pedag\u00f3gico y luego proseguir con el proceso. Son fundamentales para verificar la situaci\u00f3n del estudiante en un momento dado del trayecto.<\/p>\n\n\n\n<p>&nbsp;<br><strong>Entregas parciales:<\/strong> Al mediar cada cuatrimestre se entregar\u00e1n los trabajos realizados hasta<br>ese momento. Estas entregas le permitir\u00e1n al docente el seguimiento del proceso y al alumno conocer su situaci\u00f3n para mejorar sus trabajos y corregir los errores. Si el alumno no entregara en estas instancias perder\u00eda la posibilidad de la correcci\u00f3n y por otra parte no ser\u00eda posible verificar el desarrollo de los procesos. Debe tenerse presente que se evaluar\u00e1n fundamentalmente procesos.<\/p>\n\n\n\n<p>Las fechas que se establecen para cada una de estas instancias parciales las define la c\u00e1tedra.<br>Las fechas de la entrega del 1\u00b0 cuatrimestre y de la entrega final las establece el Departamento<br>Proyectual y no se modificar\u00e1n de ning\u00fan modo. Si alg\u00fan alumno no pudiera concurrir por<br>problemas personales o de salud, <strong>deber\u00e1 enviar sus trabajos completos por cualquier otra persona, para conservar su regularidad.<\/strong> &nbsp;&nbsp;&nbsp;&nbsp;&nbsp;&nbsp;&nbsp;&nbsp;<\/p>\n\n\n\n<p>Los alumnos ausentes a los parciales podr\u00e1n recuperarlos si presentan certificado m\u00e9dico de una instituci\u00f3n reconocida.<\/p>\n\n\n\n<p>En el caso de ejercicios realizados digitalmente se deber\u00e1 presentar todo el proceso previo realizado de forma manual. Cuando alg\u00fan estudiante entregue trabajos que no sean de su autor\u00eda o copie tareas de compa\u00f1eros o plagie trabajos de otros, todo ello se considerar\u00e1 falta grave, inform\u00e1ndose de tal situaci\u00f3n a las autoridades del CBC. En consecuencia, recibir\u00e1 una sanci\u00f3n seg\u00fan lo establecido por los reglamentos de la UBA.<\/p>\n\n\n\n<p><strong>LA CALIFICACI\u00d3N<\/strong><\/p>\n\n\n\n<p>Para definir la calificaci\u00f3n se tendr\u00e1 en cuenta:<\/p>\n\n\n\n<ul class=\"wp-block-list\">\n<li><strong>Comprensi\u00f3n de los temas.&nbsp;&nbsp;<\/strong>La verificaci\u00f3n de este aspecto ser\u00e1 definitiva para la aprobaci\u00f3n de la materia.\n<ul class=\"wp-block-list\">\n<li><\/li>\n<\/ul>\n<\/li>\n\n\n\n<li><strong>Interpretaci\u00f3n y cumplimiento de las consignas de cada ejercicio.<\/strong><\/li>\n\n\n\n<li><strong>Proceso desarrollado.&nbsp;<\/strong>&nbsp;Avance progresivo durante el curso.<\/li>\n\n\n\n<li><strong>Presentaci\u00f3n.&nbsp;&nbsp;<\/strong>Completamiento, organizaci\u00f3n y coherencia en los trabajos parciales y finales.<\/li>\n\n\n\n<li><strong>Expresi\u00f3n.&nbsp;&nbsp;<\/strong>Se manifestar\u00e1 en los aspectos pl\u00e1sticos y sistem\u00e1ticos. Uso de t\u00e9cnicas gr\u00e1ficas. Valorizaci\u00f3n y diagramaci\u00f3n.<\/li>\n\n\n\n<li><strong>Concepto del alumno.&nbsp;&nbsp;<\/strong>Asistencia a las clases. Participaci\u00f3n. Compromiso con el trabajo.<\/li>\n\n\n\n<li><strong>Prolijidad.<\/strong> Rigor en los trabajos, en l\u00e1minas y maquetas<\/li>\n\n\n\n<li><strong>Aporte personal.<\/strong><\/li>\n<\/ul>\n\n\n\n<p>Estas pautas se verificar\u00e1n en toda la cursada de la materia, en esquicios y en los trabajos de las entregas.<\/p>\n\n\n\n<p>En la materia&nbsp;<strong>Dibujo <\/strong>las notas de los&nbsp;cuatrimestres&nbsp;<strong>no se promedian.<\/strong> Es fundamental verificar la evoluci\u00f3n y adquisici\u00f3n progresiva de nuevos conocimientos.<\/p>\n\n\n\n<p><strong>Calificaci\u00f3n Final<\/strong><\/p>\n\n\n\n<p><strong>Para aprobar la materia ser\u00e1 necesario obtener una calificaci\u00f3n igual o mayor a los 4 (cuatro) puntos.<\/strong>&nbsp;<\/p>\n\n\n\n<figure class=\"wp-block-image aligncenter size-full is-resized\"><img loading=\"lazy\" decoding=\"async\" src=\"https:\/\/dibujocb.net\/wp-content\/uploads\/2023\/04\/Guarda.jpg\" alt=\"\" class=\"wp-image-552\" width=\"1001\" height=\"62\" srcset=\"https:\/\/dibujocb.net\/wp-content\/uploads\/2023\/04\/Guarda.jpg 671w, https:\/\/dibujocb.net\/wp-content\/uploads\/2023\/04\/Guarda-300x19.jpg 300w\" sizes=\"auto, (max-width: 1001px) 100vw, 1001px\" \/><\/figure>\n\n\n\n<p><\/p>\n\n\n\n<p><\/p>\n\n\n\n<p><\/p>\n\n\n\n<div class=\"wp-block-file\"><a id=\"wp-block-file--media-1d311d9d-89da-489c-8419-dc55641db792\" href=\"https:\/\/dibujocb.net\/wp-content\/uploads\/2025\/04\/UBA-CBC-FICHA-ALUMNO.docx\">UBA-CBC-FICHA-ALUMNO<\/a><a href=\"https:\/\/dibujocb.net\/wp-content\/uploads\/2025\/04\/UBA-CBC-FICHA-ALUMNO.docx\" class=\"wp-block-file__button wp-element-button\" download aria-describedby=\"wp-block-file--media-1d311d9d-89da-489c-8419-dc55641db792\">Descarga<\/a><\/div>\n","protected":false},"excerpt":{"rendered":"<p>PAUTAS PARA EL FUNCIONAMIENTO INTERNO Dibujo es una materia anual que consta de una clase semanal. Las clases se dictar\u00e1n durante el 1\u00b0 y 2\u00b0 cuatrimestre con un receso entre ambos. Desarrollo del 1\u00b0 Cuatrimestre: 03\/04\/25 al 12\/07\/25 Desarrollo del 2\u00b0 Cuatrimestre: 11\/08\/25 al 22\/11\/25 DESARROLLO DE LAS CLASES Horario: Las clases son de 4 [&hellip;]<\/p>\n","protected":false},"author":1,"featured_media":0,"parent":0,"menu_order":0,"comment_status":"closed","ping_status":"closed","template":"","meta":{"site-sidebar-layout":"default","site-content-layout":"","ast-site-content-layout":"default","site-content-style":"default","site-sidebar-style":"default","ast-global-header-display":"","ast-banner-title-visibility":"","ast-main-header-display":"","ast-hfb-above-header-display":"","ast-hfb-below-header-display":"","ast-hfb-mobile-header-display":"","site-post-title":"","ast-breadcrumbs-content":"","ast-featured-img":"","footer-sml-layout":"","ast-disable-related-posts":"","theme-transparent-header-meta":"","adv-header-id-meta":"","stick-header-meta":"","header-above-stick-meta":"","header-main-stick-meta":"","header-below-stick-meta":"","astra-migrate-meta-layouts":"default","ast-page-background-enabled":"default","ast-page-background-meta":{"desktop":{"background-color":"var(--ast-global-color-4)","background-image":"","background-repeat":"repeat","background-position":"center center","background-size":"auto","background-attachment":"scroll","background-type":"","background-media":"","overlay-type":"","overlay-color":"","overlay-opacity":"","overlay-gradient":""},"tablet":{"background-color":"","background-image":"","background-repeat":"repeat","background-position":"center center","background-size":"auto","background-attachment":"scroll","background-type":"","background-media":"","overlay-type":"","overlay-color":"","overlay-opacity":"","overlay-gradient":""},"mobile":{"background-color":"","background-image":"","background-repeat":"repeat","background-position":"center center","background-size":"auto","background-attachment":"scroll","background-type":"","background-media":"","overlay-type":"","overlay-color":"","overlay-opacity":"","overlay-gradient":""}},"ast-content-background-meta":{"desktop":{"background-color":"var(--ast-global-color-5)","background-image":"","background-repeat":"repeat","background-position":"center center","background-size":"auto","background-attachment":"scroll","background-type":"","background-media":"","overlay-type":"","overlay-color":"","overlay-opacity":"","overlay-gradient":""},"tablet":{"background-color":"var(--ast-global-color-5)","background-image":"","background-repeat":"repeat","background-position":"center center","background-size":"auto","background-attachment":"scroll","background-type":"","background-media":"","overlay-type":"","overlay-color":"","overlay-opacity":"","overlay-gradient":""},"mobile":{"background-color":"var(--ast-global-color-5)","background-image":"","background-repeat":"repeat","background-position":"center center","background-size":"auto","background-attachment":"scroll","background-type":"","background-media":"","overlay-type":"","overlay-color":"","overlay-opacity":"","overlay-gradient":""}},"footnotes":""},"class_list":["post-84","page","type-page","status-publish","hentry"],"_links":{"self":[{"href":"https:\/\/dibujocb.net\/index.php\/wp-json\/wp\/v2\/pages\/84","targetHints":{"allow":["GET"]}}],"collection":[{"href":"https:\/\/dibujocb.net\/index.php\/wp-json\/wp\/v2\/pages"}],"about":[{"href":"https:\/\/dibujocb.net\/index.php\/wp-json\/wp\/v2\/types\/page"}],"author":[{"embeddable":true,"href":"https:\/\/dibujocb.net\/index.php\/wp-json\/wp\/v2\/users\/1"}],"replies":[{"embeddable":true,"href":"https:\/\/dibujocb.net\/index.php\/wp-json\/wp\/v2\/comments?post=84"}],"version-history":[{"count":19,"href":"https:\/\/dibujocb.net\/index.php\/wp-json\/wp\/v2\/pages\/84\/revisions"}],"predecessor-version":[{"id":1544,"href":"https:\/\/dibujocb.net\/index.php\/wp-json\/wp\/v2\/pages\/84\/revisions\/1544"}],"wp:attachment":[{"href":"https:\/\/dibujocb.net\/index.php\/wp-json\/wp\/v2\/media?parent=84"}],"curies":[{"name":"wp","href":"https:\/\/api.w.org\/{rel}","templated":true}]}}