{"id":247,"date":"2023-03-28T14:15:26","date_gmt":"2023-03-28T17:15:26","guid":{"rendered":"https:\/\/dibujocb.net\/?page_id=247"},"modified":"2026-02-21T17:44:13","modified_gmt":"2026-02-21T20:44:13","slug":"a4","status":"publish","type":"page","link":"https:\/\/dibujocb.net\/index.php\/a4\/","title":{"rendered":"A5"},"content":{"rendered":"\n<h4 class=\"wp-block-heading\">ACTIVIDAD 5<\/h4>\n\n\n\n<h4 class=\"wp-block-heading\"><strong>SISTEMA MONGE<\/strong><\/h4>\n\n\n\n<h5 class=\"wp-block-heading\">REGISTRO SISTEMATICO <\/h5>\n\n\n\n<h6 class=\"wp-block-heading\"><a><\/a>OBJETIVOS<\/h6>\n\n\n\n<ul class=\"wp-block-list\">\n<li>Introducir al alumno en el conocimiento y operaci\u00f3n de los sistemas de proyecci\u00f3n.<\/li>\n<\/ul>\n\n\n\n<ul class=\"wp-block-list\">\n<li>Analizar las posibilidades, virtudes y l\u00edmites de los distintos sistemas.<\/li>\n<\/ul>\n\n\n\n<ul class=\"wp-block-list\">\n<li>Realizar una correcta interpretaci\u00f3n de los sistemas de proyecci\u00f3n a trav\u00e9s del registro de un modelo geom\u00e9trico espacial.<\/li>\n<\/ul>\n\n\n\n<ul class=\"wp-block-list\">\n<li>Lograr una adecuada expresi\u00f3n gr\u00e1fica y la correspondiente aplicaci\u00f3n del valor de l\u00ednea.<\/li>\n<\/ul>\n\n\n\n<figure class=\"wp-block-image size-large is-resized\"><img loading=\"lazy\" decoding=\"async\" width=\"1024\" height=\"576\" src=\"https:\/\/dibujocb.net\/wp-content\/uploads\/2023\/04\/Blanco-2-1024x576.jpg\" alt=\"\" class=\"wp-image-747\" style=\"width:112px;height:63px\" srcset=\"https:\/\/dibujocb.net\/wp-content\/uploads\/2023\/04\/Blanco-2-1024x576.jpg 1024w, https:\/\/dibujocb.net\/wp-content\/uploads\/2023\/04\/Blanco-2-300x169.jpg 300w, https:\/\/dibujocb.net\/wp-content\/uploads\/2023\/04\/Blanco-2-768x432.jpg 768w, https:\/\/dibujocb.net\/wp-content\/uploads\/2023\/04\/Blanco-2-1536x864.jpg 1536w, https:\/\/dibujocb.net\/wp-content\/uploads\/2023\/04\/Blanco-2.jpg 1920w\" sizes=\"auto, (max-width: 1024px) 100vw, 1024px\" \/><\/figure>\n\n\n\n<h6 class=\"wp-block-heading\">OPERATORIA INICIAL<\/h6>\n\n\n\n<h6 class=\"wp-block-heading\"><strong>MATERIALES PARA DESARROLLAR LA ACTIVIDAD PREVIA<\/strong><\/h6>\n\n\n\n<p>TRAER 2 CUERPOS GEOM\u00c9TRICOS CONSTRU\u00cdDOS CON CART\u00d3N O CARTULINA:<\/p>\n\n\n\n<p>1 <strong>CUBO<\/strong> de 5 cm de arista.<\/p>\n\n\n\n<p>1 <strong>TETRAEDRO REGULAR<\/strong> de 5 cm de arista.<\/p>\n\n\n\n<p>Traer impresas en hoja A4, <strong>6<\/strong> obras bidimensionales de Dise\u00f1adores Gr\u00e1ficos. Junto a cada pieza realizar una breve descripci\u00f3n a t\u00edtulo personal sobre los motivos de la elecci\u00f3n de las obras. <\/p>\n\n\n\n<p>En hoja A4, presentar <strong>4<\/strong> colores planos mediante t\u00e9cnica libre, (impresi\u00f3n, pintado, recorte y pegado). Realizar, al igual que en el caso anterior una descripci\u00f3n de naturaleza personal sobre los motivos de la elecci\u00f3n.<\/p>\n\n\n\n<figure class=\"wp-block-image size-large is-resized\"><img loading=\"lazy\" decoding=\"async\" width=\"1024\" height=\"576\" src=\"https:\/\/dibujocb.net\/wp-content\/uploads\/2023\/04\/Blanco-2-1024x576.jpg\" alt=\"\" class=\"wp-image-747\" style=\"width:112px;height:63px\" srcset=\"https:\/\/dibujocb.net\/wp-content\/uploads\/2023\/04\/Blanco-2-1024x576.jpg 1024w, https:\/\/dibujocb.net\/wp-content\/uploads\/2023\/04\/Blanco-2-300x169.jpg 300w, https:\/\/dibujocb.net\/wp-content\/uploads\/2023\/04\/Blanco-2-768x432.jpg 768w, https:\/\/dibujocb.net\/wp-content\/uploads\/2023\/04\/Blanco-2-1536x864.jpg 1536w, https:\/\/dibujocb.net\/wp-content\/uploads\/2023\/04\/Blanco-2.jpg 1920w\" sizes=\"auto, (max-width: 1024px) 100vw, 1024px\" \/><\/figure>\n\n\n\n<h5 class=\"wp-block-heading\">MATERIAL AUDIOVISUAL<\/h5>\n\n\n\n<figure class=\"wp-block-embed is-type-video is-provider-youtube wp-block-embed-youtube wp-embed-aspect-16-9 wp-has-aspect-ratio\"><div class=\"wp-block-embed__wrapper\">\n<iframe loading=\"lazy\" title=\"Proyecciones 2022\" width=\"500\" height=\"281\" src=\"https:\/\/www.youtube.com\/embed\/UxWgtnveNK0?start=3&#038;feature=oembed\" frameborder=\"0\" allow=\"accelerometer; autoplay; clipboard-write; encrypted-media; gyroscope; picture-in-picture; web-share\" referrerpolicy=\"strict-origin-when-cross-origin\" allowfullscreen><\/iframe>\n<\/div><\/figure>\n\n\n\n<figure class=\"wp-block-image size-large is-resized\"><img loading=\"lazy\" decoding=\"async\" width=\"1024\" height=\"576\" src=\"https:\/\/dibujocb.net\/wp-content\/uploads\/2023\/04\/Blanco-2-1024x576.jpg\" alt=\"\" class=\"wp-image-747\" style=\"width:112px;height:63px\" srcset=\"https:\/\/dibujocb.net\/wp-content\/uploads\/2023\/04\/Blanco-2-1024x576.jpg 1024w, https:\/\/dibujocb.net\/wp-content\/uploads\/2023\/04\/Blanco-2-300x169.jpg 300w, https:\/\/dibujocb.net\/wp-content\/uploads\/2023\/04\/Blanco-2-768x432.jpg 768w, https:\/\/dibujocb.net\/wp-content\/uploads\/2023\/04\/Blanco-2-1536x864.jpg 1536w, https:\/\/dibujocb.net\/wp-content\/uploads\/2023\/04\/Blanco-2.jpg 1920w\" sizes=\"auto, (max-width: 1024px) 100vw, 1024px\" \/><\/figure>\n\n\n\n<figure class=\"wp-block-embed aligncenter is-type-video is-provider-youtube wp-block-embed-youtube wp-embed-aspect-16-9 wp-has-aspect-ratio\"><div class=\"wp-block-embed__wrapper\">\n<iframe loading=\"lazy\" title=\"Sistema Monge - Parte I 2022\" width=\"500\" height=\"281\" src=\"https:\/\/www.youtube.com\/embed\/_MSRD4881Cg?feature=oembed\" frameborder=\"0\" allow=\"accelerometer; autoplay; clipboard-write; encrypted-media; gyroscope; picture-in-picture; web-share\" referrerpolicy=\"strict-origin-when-cross-origin\" allowfullscreen><\/iframe>\n<\/div><\/figure>\n\n\n\n<figure class=\"wp-block-image size-large is-resized\"><img loading=\"lazy\" decoding=\"async\" width=\"1024\" height=\"576\" src=\"https:\/\/dibujocb.net\/wp-content\/uploads\/2023\/04\/Blanco-2-1024x576.jpg\" alt=\"\" class=\"wp-image-747\" style=\"width:112px;height:63px\" srcset=\"https:\/\/dibujocb.net\/wp-content\/uploads\/2023\/04\/Blanco-2-1024x576.jpg 1024w, https:\/\/dibujocb.net\/wp-content\/uploads\/2023\/04\/Blanco-2-300x169.jpg 300w, https:\/\/dibujocb.net\/wp-content\/uploads\/2023\/04\/Blanco-2-768x432.jpg 768w, https:\/\/dibujocb.net\/wp-content\/uploads\/2023\/04\/Blanco-2-1536x864.jpg 1536w, https:\/\/dibujocb.net\/wp-content\/uploads\/2023\/04\/Blanco-2.jpg 1920w\" sizes=\"auto, (max-width: 1024px) 100vw, 1024px\" \/><\/figure>\n\n\n\n\n\n<figure class=\"wp-block-embed is-type-video is-provider-youtube wp-block-embed-youtube wp-embed-aspect-16-9 wp-has-aspect-ratio\"><div class=\"wp-block-embed__wrapper\">\n<iframe loading=\"lazy\" title=\"Sistema Monge - Parte II Dado\" width=\"500\" height=\"281\" src=\"https:\/\/www.youtube.com\/embed\/2cthI2EQ7oc?feature=oembed\" frameborder=\"0\" allow=\"accelerometer; autoplay; clipboard-write; encrypted-media; gyroscope; picture-in-picture; web-share\" referrerpolicy=\"strict-origin-when-cross-origin\" allowfullscreen><\/iframe>\n<\/div><\/figure>\n\n\n\n<figure class=\"wp-block-image size-large is-resized\"><img loading=\"lazy\" decoding=\"async\" width=\"1024\" height=\"576\" src=\"https:\/\/dibujocb.net\/wp-content\/uploads\/2023\/04\/Blanco-2-1024x576.jpg\" alt=\"\" class=\"wp-image-747\" style=\"width:112px;height:63px\" srcset=\"https:\/\/dibujocb.net\/wp-content\/uploads\/2023\/04\/Blanco-2-1024x576.jpg 1024w, https:\/\/dibujocb.net\/wp-content\/uploads\/2023\/04\/Blanco-2-300x169.jpg 300w, https:\/\/dibujocb.net\/wp-content\/uploads\/2023\/04\/Blanco-2-768x432.jpg 768w, https:\/\/dibujocb.net\/wp-content\/uploads\/2023\/04\/Blanco-2-1536x864.jpg 1536w, https:\/\/dibujocb.net\/wp-content\/uploads\/2023\/04\/Blanco-2.jpg 1920w\" sizes=\"auto, (max-width: 1024px) 100vw, 1024px\" \/><\/figure>\n\n\n\n\n\n<p><\/p>\n\n\n\n<figure class=\"wp-block-image size-large is-resized\"><img loading=\"lazy\" decoding=\"async\" width=\"1024\" height=\"576\" src=\"https:\/\/dibujocb.net\/wp-content\/uploads\/2023\/04\/Blanco-2-1024x576.jpg\" alt=\"\" class=\"wp-image-747\" style=\"width:112px;height:63px\" srcset=\"https:\/\/dibujocb.net\/wp-content\/uploads\/2023\/04\/Blanco-2-1024x576.jpg 1024w, https:\/\/dibujocb.net\/wp-content\/uploads\/2023\/04\/Blanco-2-300x169.jpg 300w, https:\/\/dibujocb.net\/wp-content\/uploads\/2023\/04\/Blanco-2-768x432.jpg 768w, https:\/\/dibujocb.net\/wp-content\/uploads\/2023\/04\/Blanco-2-1536x864.jpg 1536w, https:\/\/dibujocb.net\/wp-content\/uploads\/2023\/04\/Blanco-2.jpg 1920w\" sizes=\"auto, (max-width: 1024px) 100vw, 1024px\" \/><\/figure>\n\n\n\n\n\n<figure class=\"wp-block-image size-large is-resized\"><img loading=\"lazy\" decoding=\"async\" width=\"1024\" height=\"576\" src=\"https:\/\/dibujocb.net\/wp-content\/uploads\/2023\/04\/Blanco-2-1024x576.jpg\" alt=\"\" class=\"wp-image-747\" style=\"width:112px;height:63px\" srcset=\"https:\/\/dibujocb.net\/wp-content\/uploads\/2023\/04\/Blanco-2-1024x576.jpg 1024w, https:\/\/dibujocb.net\/wp-content\/uploads\/2023\/04\/Blanco-2-300x169.jpg 300w, https:\/\/dibujocb.net\/wp-content\/uploads\/2023\/04\/Blanco-2-768x432.jpg 768w, https:\/\/dibujocb.net\/wp-content\/uploads\/2023\/04\/Blanco-2-1536x864.jpg 1536w, https:\/\/dibujocb.net\/wp-content\/uploads\/2023\/04\/Blanco-2.jpg 1920w\" sizes=\"auto, (max-width: 1024px) 100vw, 1024px\" \/><\/figure>\n\n\n\n\n\n<h5 class=\"wp-block-heading\"><\/h5>\n\n\n\n\n\n<p><\/p>\n","protected":false},"excerpt":{"rendered":"<p>ACTIVIDAD 5 SISTEMA MONGE REGISTRO SISTEMATICO OBJETIVOS OPERATORIA INICIAL MATERIALES PARA DESARROLLAR LA ACTIVIDAD PREVIA TRAER 2 CUERPOS GEOM\u00c9TRICOS CONSTRU\u00cdDOS CON CART\u00d3N O CARTULINA: 1 CUBO de 5 cm de arista. 1 TETRAEDRO REGULAR de 5 cm de arista. Traer impresas en hoja A4, 6 obras bidimensionales de Dise\u00f1adores Gr\u00e1ficos. Junto a cada pieza realizar [&hellip;]<\/p>\n","protected":false},"author":1,"featured_media":0,"parent":0,"menu_order":0,"comment_status":"closed","ping_status":"closed","template":"","meta":{"site-sidebar-layout":"default","site-content-layout":"","ast-site-content-layout":"default","site-content-style":"default","site-sidebar-style":"default","ast-global-header-display":"","ast-banner-title-visibility":"","ast-main-header-display":"","ast-hfb-above-header-display":"","ast-hfb-below-header-display":"","ast-hfb-mobile-header-display":"","site-post-title":"","ast-breadcrumbs-content":"","ast-featured-img":"","footer-sml-layout":"","ast-disable-related-posts":"","theme-transparent-header-meta":"","adv-header-id-meta":"","stick-header-meta":"","header-above-stick-meta":"","header-main-stick-meta":"","header-below-stick-meta":"","astra-migrate-meta-layouts":"set","ast-page-background-enabled":"default","ast-page-background-meta":{"desktop":{"background-color":"var(--ast-global-color-4)","background-image":"","background-repeat":"repeat","background-position":"center center","background-size":"auto","background-attachment":"scroll","background-type":"","background-media":"","overlay-type":"","overlay-color":"","overlay-opacity":"","overlay-gradient":""},"tablet":{"background-color":"","background-image":"","background-repeat":"repeat","background-position":"center center","background-size":"auto","background-attachment":"scroll","background-type":"","background-media":"","overlay-type":"","overlay-color":"","overlay-opacity":"","overlay-gradient":""},"mobile":{"background-color":"","background-image":"","background-repeat":"repeat","background-position":"center center","background-size":"auto","background-attachment":"scroll","background-type":"","background-media":"","overlay-type":"","overlay-color":"","overlay-opacity":"","overlay-gradient":""}},"ast-content-background-meta":{"desktop":{"background-color":"var(--ast-global-color-5)","background-image":"","background-repeat":"repeat","background-position":"center center","background-size":"auto","background-attachment":"scroll","background-type":"","background-media":"","overlay-type":"","overlay-color":"","overlay-opacity":"","overlay-gradient":""},"tablet":{"background-color":"var(--ast-global-color-5)","background-image":"","background-repeat":"repeat","background-position":"center center","background-size":"auto","background-attachment":"scroll","background-type":"","background-media":"","overlay-type":"","overlay-color":"","overlay-opacity":"","overlay-gradient":""},"mobile":{"background-color":"var(--ast-global-color-5)","background-image":"","background-repeat":"repeat","background-position":"center center","background-size":"auto","background-attachment":"scroll","background-type":"","background-media":"","overlay-type":"","overlay-color":"","overlay-opacity":"","overlay-gradient":""}},"footnotes":""},"class_list":["post-247","page","type-page","status-publish","hentry"],"_links":{"self":[{"href":"https:\/\/dibujocb.net\/index.php\/wp-json\/wp\/v2\/pages\/247","targetHints":{"allow":["GET"]}}],"collection":[{"href":"https:\/\/dibujocb.net\/index.php\/wp-json\/wp\/v2\/pages"}],"about":[{"href":"https:\/\/dibujocb.net\/index.php\/wp-json\/wp\/v2\/types\/page"}],"author":[{"embeddable":true,"href":"https:\/\/dibujocb.net\/index.php\/wp-json\/wp\/v2\/users\/1"}],"replies":[{"embeddable":true,"href":"https:\/\/dibujocb.net\/index.php\/wp-json\/wp\/v2\/comments?post=247"}],"version-history":[{"count":41,"href":"https:\/\/dibujocb.net\/index.php\/wp-json\/wp\/v2\/pages\/247\/revisions"}],"predecessor-version":[{"id":2069,"href":"https:\/\/dibujocb.net\/index.php\/wp-json\/wp\/v2\/pages\/247\/revisions\/2069"}],"wp:attachment":[{"href":"https:\/\/dibujocb.net\/index.php\/wp-json\/wp\/v2\/media?parent=247"}],"curies":[{"name":"wp","href":"https:\/\/api.w.org\/{rel}","templated":true}]}}