{"id":228,"date":"2023-03-28T14:08:37","date_gmt":"2023-03-28T17:08:37","guid":{"rendered":"https:\/\/dibujocb.net\/?page_id=228"},"modified":"2025-04-27T22:49:33","modified_gmt":"2025-04-28T01:49:33","slug":"a3","status":"publish","type":"page","link":"https:\/\/dibujocb.net\/index.php\/a3\/","title":{"rendered":"A3"},"content":{"rendered":"\n<h4 class=\"wp-block-heading\">ACTIVIDAD 3<\/h4>\n\n\n\n<h5 class=\"wp-block-heading\"><strong>DIBUJO SENSIBLE&nbsp;&#8211; OBSERVACI\u00d3N DE LA MANO<\/strong><\/h5>\n\n\n\n<p><strong><em>Materiales<\/em><\/strong>:&nbsp;<\/p>\n\n\n\n<p>Hojas A3, tipo canson (grano medio). L\u00e1pices de grafito mina blanda 2b y 4b, l\u00e1pices de colores preferentemente acuarelables, sanguine o sepia.<\/p>\n\n\n\n<p><\/p>\n\n\n\n<p><strong><em>Objetivos<\/em><\/strong>: agudizar la observaci\u00f3n y la concentraci\u00f3n en el momento de registrar lo observado, experimentar con el dibujo de una parte del propio cuerpo, cuyo conocimiento es evidente, pero que normalmente no se observa con suficiente detenimiento.<\/p>\n\n\n\n<p><strong><em>Desarrollo<\/em><\/strong><strong>:<\/strong><\/p>\n\n\n\n<p>1. <strong>Dibujo de la propia mano<\/strong>,&nbsp;(la que queda libre, izquierda o derecha, seg\u00fan sean diestros o zurdos), realizando previamente una observaci\u00f3n minuciosa.&nbsp;<\/p>\n\n\n\n<p>2. <strong>Dibujo de la propia mano<\/strong>, en otra posici\u00f3n. <\/p>\n\n\n\n<p>3.&nbsp;<strong>En una tercera posici\u00f3n<\/strong>&nbsp;se dibujar\u00e1 la mano sosteniendo un objeto.<\/p>\n\n\n\n<p>Las dos posiciones deber\u00e1n ser distintas. Evitar que las poses sean r\u00edgidas y planas, tratar de generar situaciones espaciales.<\/p>\n\n\n\n<p><strong><em>Presentaci\u00f3n:<\/em><\/strong> En hojas A3 tipo canson, grano medio y con l\u00e1piz de mina blanda. <\/p>\n\n\n\n<p><strong>No deben borrarse en ninguno de los trabajos&nbsp;las l\u00edneas previas de construcci\u00f3n&nbsp;en el proceso del dibujo. Evitar el delineado de los bordes de los objetos.<\/strong><\/p>\n\n\n\n<p><strong>Los registros ser\u00e1n retirados por los docentes<\/strong>.<\/p>\n\n\n\n<figure class=\"wp-block-image size-large is-resized\"><img loading=\"lazy\" decoding=\"async\" src=\"https:\/\/dibujocb.net\/wp-content\/uploads\/2023\/04\/Blanco-1-1024x576.jpg\" alt=\"\" class=\"wp-image-623\" width=\"151\" height=\"85\" srcset=\"https:\/\/dibujocb.net\/wp-content\/uploads\/2023\/04\/Blanco-1-1024x576.jpg 1024w, https:\/\/dibujocb.net\/wp-content\/uploads\/2023\/04\/Blanco-1-300x169.jpg 300w, https:\/\/dibujocb.net\/wp-content\/uploads\/2023\/04\/Blanco-1-768x432.jpg 768w, https:\/\/dibujocb.net\/wp-content\/uploads\/2023\/04\/Blanco-1-1536x864.jpg 1536w, https:\/\/dibujocb.net\/wp-content\/uploads\/2023\/04\/Blanco-1.jpg 1920w\" sizes=\"auto, (max-width: 151px) 100vw, 151px\" \/><\/figure>\n\n\n\n<figure class=\"wp-block-embed is-type-video is-provider-youtube wp-block-embed-youtube wp-embed-aspect-16-9 wp-has-aspect-ratio\"><div class=\"wp-block-embed__wrapper\">\n<iframe loading=\"lazy\" title=\"Croquis de la mano - Posici\u00f3n cerrada\" width=\"500\" height=\"281\" src=\"https:\/\/www.youtube.com\/embed\/mRhSEUaFU00?feature=oembed\" frameborder=\"0\" allow=\"accelerometer; autoplay; clipboard-write; encrypted-media; gyroscope; picture-in-picture; web-share\" referrerpolicy=\"strict-origin-when-cross-origin\" allowfullscreen><\/iframe>\n<\/div><\/figure>\n\n\n\n<figure class=\"wp-block-image size-large is-resized\"><img loading=\"lazy\" decoding=\"async\" src=\"https:\/\/dibujocb.net\/wp-content\/uploads\/2023\/04\/Blanco-1-1024x576.jpg\" alt=\"\" class=\"wp-image-623\" width=\"151\" height=\"85\" srcset=\"https:\/\/dibujocb.net\/wp-content\/uploads\/2023\/04\/Blanco-1-1024x576.jpg 1024w, https:\/\/dibujocb.net\/wp-content\/uploads\/2023\/04\/Blanco-1-300x169.jpg 300w, https:\/\/dibujocb.net\/wp-content\/uploads\/2023\/04\/Blanco-1-768x432.jpg 768w, https:\/\/dibujocb.net\/wp-content\/uploads\/2023\/04\/Blanco-1-1536x864.jpg 1536w, https:\/\/dibujocb.net\/wp-content\/uploads\/2023\/04\/Blanco-1.jpg 1920w\" sizes=\"auto, (max-width: 151px) 100vw, 151px\" \/><\/figure>\n\n\n\n<figure class=\"wp-block-embed is-type-video is-provider-youtube wp-block-embed-youtube wp-embed-aspect-16-9 wp-has-aspect-ratio\"><div class=\"wp-block-embed__wrapper\">\n<iframe loading=\"lazy\" title=\"Croquis de la mano - Posici\u00f3n abierta\" width=\"500\" height=\"281\" src=\"https:\/\/www.youtube.com\/embed\/B2OBeelXH1s?feature=oembed\" frameborder=\"0\" allow=\"accelerometer; autoplay; clipboard-write; encrypted-media; gyroscope; picture-in-picture; web-share\" referrerpolicy=\"strict-origin-when-cross-origin\" allowfullscreen><\/iframe>\n<\/div><\/figure>\n\n\n\n<figure class=\"wp-block-image size-large is-resized\"><img loading=\"lazy\" decoding=\"async\" src=\"https:\/\/dibujocb.net\/wp-content\/uploads\/2023\/04\/Blanco-1-1024x576.jpg\" alt=\"\" class=\"wp-image-623\" width=\"151\" height=\"85\" srcset=\"https:\/\/dibujocb.net\/wp-content\/uploads\/2023\/04\/Blanco-1-1024x576.jpg 1024w, https:\/\/dibujocb.net\/wp-content\/uploads\/2023\/04\/Blanco-1-300x169.jpg 300w, https:\/\/dibujocb.net\/wp-content\/uploads\/2023\/04\/Blanco-1-768x432.jpg 768w, https:\/\/dibujocb.net\/wp-content\/uploads\/2023\/04\/Blanco-1-1536x864.jpg 1536w, https:\/\/dibujocb.net\/wp-content\/uploads\/2023\/04\/Blanco-1.jpg 1920w\" sizes=\"auto, (max-width: 151px) 100vw, 151px\" \/><\/figure>\n\n\n\n<h5 class=\"wp-block-heading\"><strong>T<\/strong>rabajo de los alumnos <\/h5>\n\n\n\n<figure class=\"wp-block-image aligncenter size-large\"><img loading=\"lazy\" decoding=\"async\" width=\"1024\" height=\"899\" src=\"https:\/\/dibujocb.net\/wp-content\/uploads\/2023\/04\/Manos-2-1-1024x899.jpg\" alt=\"\" class=\"wp-image-716\" srcset=\"https:\/\/dibujocb.net\/wp-content\/uploads\/2023\/04\/Manos-2-1-1024x899.jpg 1024w, https:\/\/dibujocb.net\/wp-content\/uploads\/2023\/04\/Manos-2-1-300x263.jpg 300w, https:\/\/dibujocb.net\/wp-content\/uploads\/2023\/04\/Manos-2-1-768x675.jpg 768w, https:\/\/dibujocb.net\/wp-content\/uploads\/2023\/04\/Manos-2-1-1536x1349.jpg 1536w, https:\/\/dibujocb.net\/wp-content\/uploads\/2023\/04\/Manos-2-1-2048x1799.jpg 2048w\" sizes=\"auto, (max-width: 1024px) 100vw, 1024px\" \/><\/figure>\n\n\n\n<figure class=\"wp-block-image size-large is-resized\"><img loading=\"lazy\" decoding=\"async\" src=\"https:\/\/dibujocb.net\/wp-content\/uploads\/2023\/04\/Blanco-1-1024x576.jpg\" alt=\"\" class=\"wp-image-623\" width=\"151\" height=\"85\" srcset=\"https:\/\/dibujocb.net\/wp-content\/uploads\/2023\/04\/Blanco-1-1024x576.jpg 1024w, https:\/\/dibujocb.net\/wp-content\/uploads\/2023\/04\/Blanco-1-300x169.jpg 300w, https:\/\/dibujocb.net\/wp-content\/uploads\/2023\/04\/Blanco-1-768x432.jpg 768w, https:\/\/dibujocb.net\/wp-content\/uploads\/2023\/04\/Blanco-1-1536x864.jpg 1536w, https:\/\/dibujocb.net\/wp-content\/uploads\/2023\/04\/Blanco-1.jpg 1920w\" sizes=\"auto, (max-width: 151px) 100vw, 151px\" \/><\/figure>\n\n\n\n<h4 class=\"wp-block-heading\">ACTIVIDAD 3 b<\/h4>\n\n\n\n<h5 class=\"wp-block-heading\"><strong>DIBUJO SENSIBLE\u00a0&#8211; OBSERVACI\u00d3N DE <\/strong>OBJETOS COMPLEJOS<\/h5>\n\n\n\n<p><strong><em>Materiales<\/em><\/strong>:&nbsp;<\/p>\n\n\n\n<p>   Hojas A3, tipo canson (grano medio). L\u00e1pices de grafito mina blanda 2b y 4b, l\u00e1pices de colores acuarelables, sanguine o sepia.<\/p>\n\n\n\n<p><\/p>\n\n\n\n<ul class=\"wp-block-list\">\n<li>Objeto contenedor que posea asa y pico.<\/li>\n<\/ul>\n\n\n\n<ul class=\"wp-block-list\">\n<li>Un fruto.<\/li>\n<\/ul>\n\n\n\n<ul class=\"wp-block-list\">\n<li>Tela lisa de color (no estampada), seleccionar un color diferente al objeto elegido.<\/li>\n<\/ul>\n\n\n\n<p><em><strong>Objetivos<\/strong><\/em>: agudizar la observaci\u00f3n y la concentraci\u00f3n en el momento de registrar lo observado, experimentar con el dibujo de un objeto de uso industrial contenedor m\u00e1s complejo que posea asa y pico.<\/p>\n\n\n\n<p><strong><em>Desarrollo<\/em>:<\/strong><\/p>\n\n\n\n<ul class=\"wp-block-list\">\n<li>Dibujo del objeto de uso<strong> a l\u00ednea<\/strong> en distintas posiciones, 3 como m\u00ednimo. Los registros incluir\u00e1n todas las l\u00edneas estructurales analizadas.<\/li>\n<\/ul>\n\n\n\n<ul class=\"wp-block-list\">\n<li><strong>Registro  sombreado, (b y n), del objeto de uso, el fruto y la tela<\/strong> realizando previamente una observaci\u00f3n minuciosa.&nbsp;<\/li>\n<\/ul>\n\n\n\n<p><strong><em>Presentaci\u00f3n:<\/em><\/strong> En hojas A3 tipo canson, grano medio y con l\u00e1piz de mina blanda. <\/p>\n\n\n\n<figure class=\"wp-block-embed is-type-video is-provider-youtube wp-block-embed-youtube wp-embed-aspect-16-9 wp-has-aspect-ratio\"><div class=\"wp-block-embed__wrapper\">\n<iframe loading=\"lazy\" title=\"Croquis de un objeto de uso - Trazo\" width=\"500\" height=\"281\" src=\"https:\/\/www.youtube.com\/embed\/lEzxYetk0PU?feature=oembed\" frameborder=\"0\" allow=\"accelerometer; autoplay; clipboard-write; encrypted-media; gyroscope; picture-in-picture; web-share\" referrerpolicy=\"strict-origin-when-cross-origin\" allowfullscreen><\/iframe>\n<\/div><\/figure>\n\n\n\n<figure class=\"wp-block-image size-large is-resized\"><img loading=\"lazy\" decoding=\"async\" src=\"https:\/\/dibujocb.net\/wp-content\/uploads\/2023\/04\/Blanco-1-1024x576.jpg\" alt=\"\" class=\"wp-image-623\" width=\"151\" height=\"85\" srcset=\"https:\/\/dibujocb.net\/wp-content\/uploads\/2023\/04\/Blanco-1-1024x576.jpg 1024w, https:\/\/dibujocb.net\/wp-content\/uploads\/2023\/04\/Blanco-1-300x169.jpg 300w, https:\/\/dibujocb.net\/wp-content\/uploads\/2023\/04\/Blanco-1-768x432.jpg 768w, https:\/\/dibujocb.net\/wp-content\/uploads\/2023\/04\/Blanco-1-1536x864.jpg 1536w, https:\/\/dibujocb.net\/wp-content\/uploads\/2023\/04\/Blanco-1.jpg 1920w\" sizes=\"auto, (max-width: 151px) 100vw, 151px\" \/><\/figure>\n\n\n\n<figure class=\"wp-block-embed is-type-video is-provider-youtube wp-block-embed-youtube wp-embed-aspect-16-9 wp-has-aspect-ratio\"><div class=\"wp-block-embed__wrapper\">\n<iframe loading=\"lazy\" title=\"Croquis de un objeto de uso - Sombreado\" width=\"500\" height=\"281\" src=\"https:\/\/www.youtube.com\/embed\/datAr630-gw?feature=oembed\" frameborder=\"0\" allow=\"accelerometer; autoplay; clipboard-write; encrypted-media; gyroscope; picture-in-picture; web-share\" referrerpolicy=\"strict-origin-when-cross-origin\" allowfullscreen><\/iframe>\n<\/div><\/figure>\n\n\n\n<figure class=\"wp-block-image size-large is-resized\"><img loading=\"lazy\" decoding=\"async\" src=\"https:\/\/dibujocb.net\/wp-content\/uploads\/2023\/04\/Blanco-1-1024x576.jpg\" alt=\"\" class=\"wp-image-623\" width=\"151\" height=\"85\" srcset=\"https:\/\/dibujocb.net\/wp-content\/uploads\/2023\/04\/Blanco-1-1024x576.jpg 1024w, https:\/\/dibujocb.net\/wp-content\/uploads\/2023\/04\/Blanco-1-300x169.jpg 300w, https:\/\/dibujocb.net\/wp-content\/uploads\/2023\/04\/Blanco-1-768x432.jpg 768w, https:\/\/dibujocb.net\/wp-content\/uploads\/2023\/04\/Blanco-1-1536x864.jpg 1536w, https:\/\/dibujocb.net\/wp-content\/uploads\/2023\/04\/Blanco-1.jpg 1920w\" sizes=\"auto, (max-width: 151px) 100vw, 151px\" \/><\/figure>\n\n\n\n<p><strong>No deben borrarse en ninguno de los trabajos&nbsp;las l\u00edneas previas de construcci\u00f3n&nbsp;en el proceso del dibujo. Evitar el delineado de los bordes de los objetos.<\/strong><\/p>\n\n\n\n<p><em>Al cierre de la actividad se expondr\u00e1n los trabajos en las reuniones de los grupos donde se realizar\u00e1 una s\u00edntesis sobre los registros, comparando los resultados obtenidos en funci\u00f3n de los procesos realizados.<\/em><\/p>\n\n\n\n<p><\/p>\n","protected":false},"excerpt":{"rendered":"<p>ACTIVIDAD 3 DIBUJO SENSIBLE&nbsp;&#8211; OBSERVACI\u00d3N DE LA MANO Materiales:&nbsp; Hojas A3, tipo canson (grano medio). L\u00e1pices de grafito mina blanda 2b y 4b, l\u00e1pices de colores preferentemente acuarelables, sanguine o sepia. Objetivos: agudizar la observaci\u00f3n y la concentraci\u00f3n en el momento de registrar lo observado, experimentar con el dibujo de una parte del propio cuerpo, [&hellip;]<\/p>\n","protected":false},"author":1,"featured_media":0,"parent":0,"menu_order":0,"comment_status":"closed","ping_status":"closed","template":"","meta":{"site-sidebar-layout":"default","site-content-layout":"","ast-site-content-layout":"default","site-content-style":"default","site-sidebar-style":"default","ast-global-header-display":"","ast-banner-title-visibility":"","ast-main-header-display":"","ast-hfb-above-header-display":"","ast-hfb-below-header-display":"","ast-hfb-mobile-header-display":"","site-post-title":"","ast-breadcrumbs-content":"","ast-featured-img":"","footer-sml-layout":"","ast-disable-related-posts":"","theme-transparent-header-meta":"","adv-header-id-meta":"","stick-header-meta":"","header-above-stick-meta":"","header-main-stick-meta":"","header-below-stick-meta":"","astra-migrate-meta-layouts":"default","ast-page-background-enabled":"default","ast-page-background-meta":{"desktop":{"background-color":"var(--ast-global-color-4)","background-image":"","background-repeat":"repeat","background-position":"center center","background-size":"auto","background-attachment":"scroll","background-type":"","background-media":"","overlay-type":"","overlay-color":"","overlay-opacity":"","overlay-gradient":""},"tablet":{"background-color":"","background-image":"","background-repeat":"repeat","background-position":"center center","background-size":"auto","background-attachment":"scroll","background-type":"","background-media":"","overlay-type":"","overlay-color":"","overlay-opacity":"","overlay-gradient":""},"mobile":{"background-color":"","background-image":"","background-repeat":"repeat","background-position":"center center","background-size":"auto","background-attachment":"scroll","background-type":"","background-media":"","overlay-type":"","overlay-color":"","overlay-opacity":"","overlay-gradient":""}},"ast-content-background-meta":{"desktop":{"background-color":"var(--ast-global-color-5)","background-image":"","background-repeat":"repeat","background-position":"center center","background-size":"auto","background-attachment":"scroll","background-type":"","background-media":"","overlay-type":"","overlay-color":"","overlay-opacity":"","overlay-gradient":""},"tablet":{"background-color":"var(--ast-global-color-5)","background-image":"","background-repeat":"repeat","background-position":"center center","background-size":"auto","background-attachment":"scroll","background-type":"","background-media":"","overlay-type":"","overlay-color":"","overlay-opacity":"","overlay-gradient":""},"mobile":{"background-color":"var(--ast-global-color-5)","background-image":"","background-repeat":"repeat","background-position":"center center","background-size":"auto","background-attachment":"scroll","background-type":"","background-media":"","overlay-type":"","overlay-color":"","overlay-opacity":"","overlay-gradient":""}},"footnotes":""},"class_list":["post-228","page","type-page","status-publish","hentry"],"_links":{"self":[{"href":"https:\/\/dibujocb.net\/index.php\/wp-json\/wp\/v2\/pages\/228","targetHints":{"allow":["GET"]}}],"collection":[{"href":"https:\/\/dibujocb.net\/index.php\/wp-json\/wp\/v2\/pages"}],"about":[{"href":"https:\/\/dibujocb.net\/index.php\/wp-json\/wp\/v2\/types\/page"}],"author":[{"embeddable":true,"href":"https:\/\/dibujocb.net\/index.php\/wp-json\/wp\/v2\/users\/1"}],"replies":[{"embeddable":true,"href":"https:\/\/dibujocb.net\/index.php\/wp-json\/wp\/v2\/comments?post=228"}],"version-history":[{"count":38,"href":"https:\/\/dibujocb.net\/index.php\/wp-json\/wp\/v2\/pages\/228\/revisions"}],"predecessor-version":[{"id":1695,"href":"https:\/\/dibujocb.net\/index.php\/wp-json\/wp\/v2\/pages\/228\/revisions\/1695"}],"wp:attachment":[{"href":"https:\/\/dibujocb.net\/index.php\/wp-json\/wp\/v2\/media?parent=228"}],"curies":[{"name":"wp","href":"https:\/\/api.w.org\/{rel}","templated":true}]}}