{"id":227,"date":"2023-03-28T14:08:37","date_gmt":"2023-03-28T17:08:37","guid":{"rendered":"https:\/\/dibujocb.net\/?page_id=227"},"modified":"2023-04-16T19:46:30","modified_gmt":"2023-04-16T22:46:30","slug":"a2","status":"publish","type":"page","link":"https:\/\/dibujocb.net\/index.php\/a2\/","title":{"rendered":"A2"},"content":{"rendered":"\n<p><\/p>\n\n\n\n<h4 class=\"wp-block-heading\">ACTIVIDAD 2<\/h4>\n\n\n\n<h5 class=\"wp-block-heading\"><strong>DIBUJO SENSIBLE&nbsp;&#8211; OBSERVACI\u00d3N DE OBJETOS<\/strong><\/h5>\n\n\n\n<p>Esta semana trabajaremos en el tema&nbsp;de Dibujos de Aproximaci\u00f3n Sensible. Se trata de dibujos que registran,&nbsp;mediante la observaci\u00f3n&nbsp;detallada, situaciones reales o imaginadas. Nosotros realizaremos los primeros, dibujaremos objetos existentes a trav\u00e9s de una minuciosa y precisa observaci\u00f3n que involucra una profunda reflexi\u00f3n sobre el proceso desarrollado.<\/p>\n\n\n\n<h5 class=\"wp-block-heading\"><strong>Croquis &#8211; <\/strong>Inicio<\/h5>\n\n\n\n<p><\/p>\n\n\n\n<h5 class=\"wp-block-heading\"><strong>EJERCICIOS DE OBSERVACI\u00d3N<\/strong><\/h5>\n\n\n\n<p><\/p>\n\n\n\n<p><strong>Objetivos<\/strong>:&nbsp;<\/p>\n\n\n\n<p>Lograr que el alumno realice un proceso que favorezca la observaci\u00f3n de los objetos del mundo que lo rodea, sus relaciones y proporciones. Luego pueda desarrollar el an\u00e1lisis de las luces, sombras y colores que condicionan la percepci\u00f3n de la forma.&nbsp;<\/p>\n\n\n\n<p>Que el estudiante desarrolle un lenguaje propio a trav\u00e9s del dibujo para concretar sus observaciones y pueda reflexionar en funci\u00f3n de los progresos manifestados en estos registros. <\/p>\n\n\n\n<p>Incentivar la destreza en el dibujo.<\/p>\n\n\n\n<p>Reflexionar acerca del movimiento corporal en el acto de dibujar.<\/p>\n\n\n\n<p><\/p>\n\n\n\n<p><strong><em>Materiales<\/em><\/strong><em>:&nbsp;<\/em><\/p>\n\n\n\n<p>\u00b7&nbsp;&nbsp;&nbsp;&nbsp;&nbsp;&nbsp;&nbsp;&nbsp;Hojas de grano medio A3, tipo canson.<\/p>\n\n\n\n<p>\u00b7&nbsp;&nbsp;&nbsp;&nbsp;&nbsp;&nbsp;&nbsp;&nbsp;L\u00e1pices de grafito de mina blanda.<\/p>\n\n\n\n<p>\u00b7&nbsp;&nbsp;&nbsp;&nbsp;&nbsp;&nbsp;&nbsp;&nbsp;L\u00e1pices de colores de mina blanda o tipo acuarelables.&nbsp;<\/p>\n\n\n\n<p>\u00b7&nbsp;&nbsp;&nbsp;&nbsp;&nbsp;&nbsp;&nbsp;&nbsp;Hojas secas de \u00e1rboles.<\/p>\n\n\n\n<p>\u00b7&nbsp;&nbsp;&nbsp;&nbsp;&nbsp;&nbsp;&nbsp;&nbsp;Frutos: elegir uno de los siguientes ejemplos: manzana roja o verde, morr\u00f3n rojo o verde, berenjena, tomate, zapallo tipo ingl\u00e9s.<\/p>\n\n\n\n<p>\u00b7&nbsp;&nbsp;&nbsp;&nbsp;&nbsp;&nbsp;&nbsp;Tela lisa de color (no estampada), seleccionar un color diferente al fruto elegido.<\/p>\n\n\n\n<p>.&nbsp;&nbsp;&nbsp;&nbsp;&nbsp;&nbsp;&nbsp;&nbsp;Objeto contenedor simple: jarra peque\u00f1a, vaso, salsera, copa.<\/p>\n\n\n\n<p><\/p>\n\n\n\n<ul class=\"wp-block-list\"><\/ul>\n\n\n\n<p><strong>Traer la hoja seca de \u00e1rbol, uno de los frutos y el objeto contenedor, los tres elementos.&nbsp;<\/strong><\/p>\n\n\n\n<p><\/p>\n\n\n\n<p id=\"yui_3_17_2_1_1680322876399_206\"><strong><em>Desarrollo:<\/em><\/strong><\/p>\n\n\n\n<p><strong>1.&nbsp;&nbsp;<\/strong>&nbsp;&nbsp;&nbsp;&nbsp;<strong>Croquis de una hoja seca.&nbsp;<\/strong>Sobre tela de fondo, (tela lisa de color uniforme), u hoja de papel, dibujar modelando con valores, expresando luces y sombras propias y arrojadas sobre el fondo. T\u00e9cnica l\u00e1piz monocrom\u00e1tico (negro o color).<\/p>\n\n\n\n<p><strong>2.&nbsp; &nbsp; &nbsp; Croquis de un fruto.&nbsp;<\/strong>Con tela de fondo, (tela lisa de color uniforme), Observar y registrar las variaciones del color por incidencia de la luz, expresando luces y sombras propias y arrojadas sobre el fondo. T\u00e9cnica l\u00e1piz, modelado en color.<\/p>\n\n\n\n<p><strong>3.  &nbsp; &nbsp; Croquis del objeto contenedor<\/strong>. Con tela de fondo, (tela lisa de color uniforme), Observar y registrar las variaciones del color por incidencia de la luz, expresando posibles transparencias, luces y sombras propias y arrojadas sobre el fondo. T\u00e9cnica l\u00e1piz, modelado en color.<\/p>\n\n\n\n<figure class=\"wp-block-image size-large is-resized\"><img loading=\"lazy\" decoding=\"async\" src=\"https:\/\/dibujocb.net\/wp-content\/uploads\/2023\/04\/Blanco-1024x576.jpg\" alt=\"\" class=\"wp-image-618\" width=\"137\" height=\"77\" srcset=\"https:\/\/dibujocb.net\/wp-content\/uploads\/2023\/04\/Blanco-1024x576.jpg 1024w, https:\/\/dibujocb.net\/wp-content\/uploads\/2023\/04\/Blanco-300x169.jpg 300w, https:\/\/dibujocb.net\/wp-content\/uploads\/2023\/04\/Blanco-768x432.jpg 768w, https:\/\/dibujocb.net\/wp-content\/uploads\/2023\/04\/Blanco-1536x864.jpg 1536w, https:\/\/dibujocb.net\/wp-content\/uploads\/2023\/04\/Blanco.jpg 1920w\" sizes=\"auto, (max-width: 137px) 100vw, 137px\" \/><\/figure>\n\n\n\n<h5 class=\"wp-block-heading\">Croquis Inicio<\/h5>\n\n\n\n<figure class=\"wp-block-embed is-type-video is-provider-youtube wp-block-embed-youtube wp-embed-aspect-16-9 wp-has-aspect-ratio\"><div class=\"wp-block-embed__wrapper\">\n<iframe loading=\"lazy\" title=\"Croquis - Inicio\" width=\"500\" height=\"281\" src=\"https:\/\/www.youtube.com\/embed\/4A7D4OFQSvY?feature=oembed\" frameborder=\"0\" allow=\"accelerometer; autoplay; clipboard-write; encrypted-media; gyroscope; picture-in-picture; web-share\" referrerpolicy=\"strict-origin-when-cross-origin\" allowfullscreen><\/iframe>\n<\/div><\/figure>\n\n\n\n<figure class=\"wp-block-image size-large is-resized\"><img loading=\"lazy\" decoding=\"async\" src=\"https:\/\/dibujocb.net\/wp-content\/uploads\/2023\/04\/Blanco-1024x576.jpg\" alt=\"\" class=\"wp-image-618\" width=\"137\" height=\"77\" srcset=\"https:\/\/dibujocb.net\/wp-content\/uploads\/2023\/04\/Blanco-1024x576.jpg 1024w, https:\/\/dibujocb.net\/wp-content\/uploads\/2023\/04\/Blanco-300x169.jpg 300w, https:\/\/dibujocb.net\/wp-content\/uploads\/2023\/04\/Blanco-768x432.jpg 768w, https:\/\/dibujocb.net\/wp-content\/uploads\/2023\/04\/Blanco-1536x864.jpg 1536w, https:\/\/dibujocb.net\/wp-content\/uploads\/2023\/04\/Blanco.jpg 1920w\" sizes=\"auto, (max-width: 137px) 100vw, 137px\" \/><\/figure>\n\n\n\n<h5 class=\"wp-block-heading\">Croquis de Objetos peque\u00f1os <\/h5>\n\n\n\n<figure class=\"wp-block-embed is-type-video is-provider-youtube wp-block-embed-youtube wp-embed-aspect-16-9 wp-has-aspect-ratio\"><div class=\"wp-block-embed__wrapper\">\n<iframe loading=\"lazy\" title=\"Croquis de objetos peque\u00f1os\" width=\"500\" height=\"281\" src=\"https:\/\/www.youtube.com\/embed\/v_pa6DI3xKs?feature=oembed\" frameborder=\"0\" allow=\"accelerometer; autoplay; clipboard-write; encrypted-media; gyroscope; picture-in-picture; web-share\" referrerpolicy=\"strict-origin-when-cross-origin\" allowfullscreen><\/iframe>\n<\/div><\/figure>\n\n\n\n<figure class=\"wp-block-image size-large is-resized\"><img loading=\"lazy\" decoding=\"async\" src=\"https:\/\/dibujocb.net\/wp-content\/uploads\/2023\/04\/Blanco-1024x576.jpg\" alt=\"\" class=\"wp-image-618\" width=\"137\" height=\"77\" srcset=\"https:\/\/dibujocb.net\/wp-content\/uploads\/2023\/04\/Blanco-1024x576.jpg 1024w, https:\/\/dibujocb.net\/wp-content\/uploads\/2023\/04\/Blanco-300x169.jpg 300w, https:\/\/dibujocb.net\/wp-content\/uploads\/2023\/04\/Blanco-768x432.jpg 768w, https:\/\/dibujocb.net\/wp-content\/uploads\/2023\/04\/Blanco-1536x864.jpg 1536w, https:\/\/dibujocb.net\/wp-content\/uploads\/2023\/04\/Blanco.jpg 1920w\" sizes=\"auto, (max-width: 137px) 100vw, 137px\" \/><\/figure>\n\n\n\n<p><\/p>\n\n\n\n<p><\/p>\n\n\n\n<p><\/p>\n\n\n\n<h5 class=\"wp-block-heading\">Croquis de Objetos peque\u00f1os 2<\/h5>\n\n\n\n<figure class=\"wp-block-embed is-type-video is-provider-youtube wp-block-embed-youtube wp-embed-aspect-16-9 wp-has-aspect-ratio\"><div class=\"wp-block-embed__wrapper\">\n<iframe loading=\"lazy\" title=\"Croquis de objetos peque\u00f1os 2\" width=\"500\" height=\"281\" src=\"https:\/\/www.youtube.com\/embed\/AM_UXtw8R4c?feature=oembed\" frameborder=\"0\" allow=\"accelerometer; autoplay; clipboard-write; encrypted-media; gyroscope; picture-in-picture; web-share\" referrerpolicy=\"strict-origin-when-cross-origin\" allowfullscreen><\/iframe>\n<\/div><\/figure>\n\n\n\n<p><\/p>\n\n\n\n<p><\/p>\n\n\n\n<p><\/p>\n\n\n\n<p><\/p>\n\n\n\n<figure class=\"wp-block-image size-large\"><img loading=\"lazy\" decoding=\"async\" width=\"1024\" height=\"46\" src=\"https:\/\/dibujocb.net\/wp-content\/uploads\/2023\/04\/Guarda-blanca-1024x46.jpg\" alt=\"\" class=\"wp-image-675\" srcset=\"https:\/\/dibujocb.net\/wp-content\/uploads\/2023\/04\/Guarda-blanca-1024x46.jpg 1024w, https:\/\/dibujocb.net\/wp-content\/uploads\/2023\/04\/Guarda-blanca-300x14.jpg 300w, https:\/\/dibujocb.net\/wp-content\/uploads\/2023\/04\/Guarda-blanca-768x35.jpg 768w, https:\/\/dibujocb.net\/wp-content\/uploads\/2023\/04\/Guarda-blanca-1536x69.jpg 1536w, https:\/\/dibujocb.net\/wp-content\/uploads\/2023\/04\/Guarda-blanca-2048x93.jpg 2048w\" sizes=\"auto, (max-width: 1024px) 100vw, 1024px\" \/><\/figure>\n\n\n\n<figure class=\"wp-block-image size-large\"><img loading=\"lazy\" decoding=\"async\" width=\"1024\" height=\"46\" src=\"https:\/\/dibujocb.net\/wp-content\/uploads\/2023\/04\/Guarda-blanca-1024x46.jpg\" alt=\"\" class=\"wp-image-675\" srcset=\"https:\/\/dibujocb.net\/wp-content\/uploads\/2023\/04\/Guarda-blanca-1024x46.jpg 1024w, https:\/\/dibujocb.net\/wp-content\/uploads\/2023\/04\/Guarda-blanca-300x14.jpg 300w, https:\/\/dibujocb.net\/wp-content\/uploads\/2023\/04\/Guarda-blanca-768x35.jpg 768w, https:\/\/dibujocb.net\/wp-content\/uploads\/2023\/04\/Guarda-blanca-1536x69.jpg 1536w, https:\/\/dibujocb.net\/wp-content\/uploads\/2023\/04\/Guarda-blanca-2048x93.jpg 2048w\" sizes=\"auto, (max-width: 1024px) 100vw, 1024px\" \/><\/figure>\n\n\n\n<h5 class=\"wp-block-heading\">Trabajos de los alumnos <\/h5>\n\n\n\n<p><strong>Croquis de hojas<\/strong><\/p>\n\n\n\n<figure class=\"wp-block-image size-large is-resized\"><img loading=\"lazy\" decoding=\"async\" src=\"https:\/\/dibujocb.net\/wp-content\/uploads\/2023\/04\/Conjunto-de-Hojas2-1024x523.jpg\" alt=\"\" class=\"wp-image-668\" width=\"1201\" height=\"613\" srcset=\"https:\/\/dibujocb.net\/wp-content\/uploads\/2023\/04\/Conjunto-de-Hojas2-1024x523.jpg 1024w, https:\/\/dibujocb.net\/wp-content\/uploads\/2023\/04\/Conjunto-de-Hojas2-300x153.jpg 300w, https:\/\/dibujocb.net\/wp-content\/uploads\/2023\/04\/Conjunto-de-Hojas2-768x392.jpg 768w, https:\/\/dibujocb.net\/wp-content\/uploads\/2023\/04\/Conjunto-de-Hojas2-1536x785.jpg 1536w, https:\/\/dibujocb.net\/wp-content\/uploads\/2023\/04\/Conjunto-de-Hojas2-2048x1046.jpg 2048w\" sizes=\"auto, (max-width: 1201px) 100vw, 1201px\" \/><\/figure>\n\n\n\n<figure class=\"wp-block-image size-large\"><img loading=\"lazy\" decoding=\"async\" width=\"1024\" height=\"46\" src=\"https:\/\/dibujocb.net\/wp-content\/uploads\/2023\/04\/Guarda-blanca-1024x46.jpg\" alt=\"\" class=\"wp-image-675\" srcset=\"https:\/\/dibujocb.net\/wp-content\/uploads\/2023\/04\/Guarda-blanca-1024x46.jpg 1024w, https:\/\/dibujocb.net\/wp-content\/uploads\/2023\/04\/Guarda-blanca-300x14.jpg 300w, https:\/\/dibujocb.net\/wp-content\/uploads\/2023\/04\/Guarda-blanca-768x35.jpg 768w, https:\/\/dibujocb.net\/wp-content\/uploads\/2023\/04\/Guarda-blanca-1536x69.jpg 1536w, https:\/\/dibujocb.net\/wp-content\/uploads\/2023\/04\/Guarda-blanca-2048x93.jpg 2048w\" sizes=\"auto, (max-width: 1024px) 100vw, 1024px\" \/><\/figure>\n\n\n\n<p><strong>Croquis de frutos<\/strong><\/p>\n\n\n\n<figure class=\"wp-block-image size-full is-resized\"><img loading=\"lazy\" decoding=\"async\" src=\"https:\/\/dibujocb.net\/wp-content\/uploads\/2023\/04\/Frutos.jpg\" alt=\"\" class=\"wp-image-691\" width=\"1198\" height=\"709\" srcset=\"https:\/\/dibujocb.net\/wp-content\/uploads\/2023\/04\/Frutos.jpg 850w, https:\/\/dibujocb.net\/wp-content\/uploads\/2023\/04\/Frutos-300x178.jpg 300w, https:\/\/dibujocb.net\/wp-content\/uploads\/2023\/04\/Frutos-768x454.jpg 768w\" sizes=\"auto, (max-width: 1198px) 100vw, 1198px\" \/><\/figure>\n\n\n\n<figure class=\"wp-block-image size-large is-resized\"><img loading=\"lazy\" decoding=\"async\" src=\"https:\/\/dibujocb.net\/wp-content\/uploads\/2023\/04\/Guarda-blanca-1024x46.jpg\" alt=\"\" class=\"wp-image-675\" width=\"1024\" height=\"46\" srcset=\"https:\/\/dibujocb.net\/wp-content\/uploads\/2023\/04\/Guarda-blanca-1024x46.jpg 1024w, https:\/\/dibujocb.net\/wp-content\/uploads\/2023\/04\/Guarda-blanca-300x14.jpg 300w, https:\/\/dibujocb.net\/wp-content\/uploads\/2023\/04\/Guarda-blanca-768x35.jpg 768w, https:\/\/dibujocb.net\/wp-content\/uploads\/2023\/04\/Guarda-blanca-1536x69.jpg 1536w, https:\/\/dibujocb.net\/wp-content\/uploads\/2023\/04\/Guarda-blanca-2048x93.jpg 2048w\" sizes=\"auto, (max-width: 1024px) 100vw, 1024px\" \/><\/figure>\n\n\n\n<p><strong>Croquis de objetos<\/strong> <strong>de dise\u00f1o industrial<\/strong><\/p>\n\n\n\n<figure class=\"wp-block-image size-full is-resized\"><img loading=\"lazy\" decoding=\"async\" src=\"https:\/\/dibujocb.net\/wp-content\/uploads\/2023\/04\/Conjunto-de-objetos-industriales.jpg\" alt=\"\" class=\"wp-image-694\" width=\"1201\" height=\"1020\" srcset=\"https:\/\/dibujocb.net\/wp-content\/uploads\/2023\/04\/Conjunto-de-objetos-industriales.jpg 850w, https:\/\/dibujocb.net\/wp-content\/uploads\/2023\/04\/Conjunto-de-objetos-industriales-300x255.jpg 300w, https:\/\/dibujocb.net\/wp-content\/uploads\/2023\/04\/Conjunto-de-objetos-industriales-768x652.jpg 768w\" sizes=\"auto, (max-width: 1201px) 100vw, 1201px\" \/><\/figure>\n","protected":false},"excerpt":{"rendered":"<p>ACTIVIDAD 2 DIBUJO SENSIBLE&nbsp;&#8211; OBSERVACI\u00d3N DE OBJETOS Esta semana trabajaremos en el tema&nbsp;de Dibujos de Aproximaci\u00f3n Sensible. Se trata de dibujos que registran,&nbsp;mediante la observaci\u00f3n&nbsp;detallada, situaciones reales o imaginadas. Nosotros realizaremos los primeros, dibujaremos objetos existentes a trav\u00e9s de una minuciosa y precisa observaci\u00f3n que involucra una profunda reflexi\u00f3n sobre el proceso desarrollado. Croquis &#8211; [&hellip;]<\/p>\n","protected":false},"author":1,"featured_media":0,"parent":0,"menu_order":0,"comment_status":"closed","ping_status":"closed","template":"","meta":{"site-sidebar-layout":"default","site-content-layout":"","ast-site-content-layout":"default","site-content-style":"default","site-sidebar-style":"default","ast-global-header-display":"","ast-banner-title-visibility":"","ast-main-header-display":"","ast-hfb-above-header-display":"","ast-hfb-below-header-display":"","ast-hfb-mobile-header-display":"","site-post-title":"","ast-breadcrumbs-content":"","ast-featured-img":"","footer-sml-layout":"","ast-disable-related-posts":"","theme-transparent-header-meta":"","adv-header-id-meta":"","stick-header-meta":"","header-above-stick-meta":"","header-main-stick-meta":"","header-below-stick-meta":"","astra-migrate-meta-layouts":"default","ast-page-background-enabled":"default","ast-page-background-meta":{"desktop":{"background-color":"var(--ast-global-color-4)","background-image":"","background-repeat":"repeat","background-position":"center center","background-size":"auto","background-attachment":"scroll","background-type":"","background-media":"","overlay-type":"","overlay-color":"","overlay-opacity":"","overlay-gradient":""},"tablet":{"background-color":"","background-image":"","background-repeat":"repeat","background-position":"center center","background-size":"auto","background-attachment":"scroll","background-type":"","background-media":"","overlay-type":"","overlay-color":"","overlay-opacity":"","overlay-gradient":""},"mobile":{"background-color":"","background-image":"","background-repeat":"repeat","background-position":"center center","background-size":"auto","background-attachment":"scroll","background-type":"","background-media":"","overlay-type":"","overlay-color":"","overlay-opacity":"","overlay-gradient":""}},"ast-content-background-meta":{"desktop":{"background-color":"var(--ast-global-color-5)","background-image":"","background-repeat":"repeat","background-position":"center center","background-size":"auto","background-attachment":"scroll","background-type":"","background-media":"","overlay-type":"","overlay-color":"","overlay-opacity":"","overlay-gradient":""},"tablet":{"background-color":"var(--ast-global-color-5)","background-image":"","background-repeat":"repeat","background-position":"center center","background-size":"auto","background-attachment":"scroll","background-type":"","background-media":"","overlay-type":"","overlay-color":"","overlay-opacity":"","overlay-gradient":""},"mobile":{"background-color":"var(--ast-global-color-5)","background-image":"","background-repeat":"repeat","background-position":"center center","background-size":"auto","background-attachment":"scroll","background-type":"","background-media":"","overlay-type":"","overlay-color":"","overlay-opacity":"","overlay-gradient":""}},"footnotes":""},"class_list":["post-227","page","type-page","status-publish","hentry"],"_links":{"self":[{"href":"https:\/\/dibujocb.net\/index.php\/wp-json\/wp\/v2\/pages\/227","targetHints":{"allow":["GET"]}}],"collection":[{"href":"https:\/\/dibujocb.net\/index.php\/wp-json\/wp\/v2\/pages"}],"about":[{"href":"https:\/\/dibujocb.net\/index.php\/wp-json\/wp\/v2\/types\/page"}],"author":[{"embeddable":true,"href":"https:\/\/dibujocb.net\/index.php\/wp-json\/wp\/v2\/users\/1"}],"replies":[{"embeddable":true,"href":"https:\/\/dibujocb.net\/index.php\/wp-json\/wp\/v2\/comments?post=227"}],"version-history":[{"count":51,"href":"https:\/\/dibujocb.net\/index.php\/wp-json\/wp\/v2\/pages\/227\/revisions"}],"predecessor-version":[{"id":731,"href":"https:\/\/dibujocb.net\/index.php\/wp-json\/wp\/v2\/pages\/227\/revisions\/731"}],"wp:attachment":[{"href":"https:\/\/dibujocb.net\/index.php\/wp-json\/wp\/v2\/media?parent=227"}],"curies":[{"name":"wp","href":"https:\/\/api.w.org\/{rel}","templated":true}]}}