{"id":1291,"date":"2024-08-15T16:48:11","date_gmt":"2024-08-15T19:48:11","guid":{"rendered":"https:\/\/dibujocb.net\/?page_id=1291"},"modified":"2025-06-18T10:45:09","modified_gmt":"2025-06-18T13:45:09","slug":"a12-4","status":"publish","type":"page","link":"https:\/\/dibujocb.net\/index.php\/a12-4\/","title":{"rendered":"A12"},"content":{"rendered":"\n<h4 class=\"wp-block-heading\">ACTIVIDAD 12<\/h4>\n\n\n\n<h5 class=\"wp-block-heading\">AXONOMETR\u00cdAS &#8211; PROYECCIONES CIL\u00cdNDRICAS ORTOGONALES SOBRE PLANO \u00daNICO<\/h5>\n\n\n\n<h4 class=\"wp-block-heading\">CORTES<\/h4>\n\n\n\n<div data-wp-interactive=\"core\/file\" class=\"wp-block-file\"><object data-wp-bind--hidden=\"!state.hasPdfPreview\" hidden class=\"wp-block-file__embed\" data=\"https:\/\/dibujocb.net\/wp-content\/uploads\/2024\/08\/Registro-Sistematico-Axonometrias-Cortes-del-Poliedro.pdf\" type=\"application\/pdf\" style=\"width:100%;height:600px\" aria-label=\"Incrustado de Registro-Sistematico-Axonometrias-Cortes-del-Poliedro.\"><\/object><a id=\"wp-block-file--media-87326d8e-7e1e-45d8-a02c-fc9fa4a6315b\" href=\"https:\/\/dibujocb.net\/wp-content\/uploads\/2024\/08\/Registro-Sistematico-Axonometrias-Cortes-del-Poliedro.pdf\">Registro-Sistematico-Axonometrias-Cortes-del-Poliedro<\/a><a href=\"https:\/\/dibujocb.net\/wp-content\/uploads\/2024\/08\/Registro-Sistematico-Axonometrias-Cortes-del-Poliedro.pdf\" class=\"wp-block-file__button wp-element-button\" download aria-describedby=\"wp-block-file--media-87326d8e-7e1e-45d8-a02c-fc9fa4a6315b\">Descarga<\/a><\/div>\n\n\n\n<h4 class=\"wp-block-heading\">Axonometr\u00edas del Poliedro desde diferentes \u00e1ngulos<\/h4>\n\n\n\n<h5 class=\"wp-block-heading\">Autor Gonzalo Buccella<\/h5>\n\n\n\n<figure class=\"wp-block-image size-large\"><img loading=\"lazy\" decoding=\"async\" width=\"1024\" height=\"743\" src=\"https:\/\/dibujocb.net\/wp-content\/uploads\/2024\/09\/WhatsApp-Image-2024-09-04-at-5.21.46-PM-1024x743.jpeg\" alt=\"\" class=\"wp-image-1398\" srcset=\"https:\/\/dibujocb.net\/wp-content\/uploads\/2024\/09\/WhatsApp-Image-2024-09-04-at-5.21.46-PM-1024x743.jpeg 1024w, https:\/\/dibujocb.net\/wp-content\/uploads\/2024\/09\/WhatsApp-Image-2024-09-04-at-5.21.46-PM-300x218.jpeg 300w, https:\/\/dibujocb.net\/wp-content\/uploads\/2024\/09\/WhatsApp-Image-2024-09-04-at-5.21.46-PM-768x557.jpeg 768w, https:\/\/dibujocb.net\/wp-content\/uploads\/2024\/09\/WhatsApp-Image-2024-09-04-at-5.21.46-PM-1536x1115.jpeg 1536w, https:\/\/dibujocb.net\/wp-content\/uploads\/2024\/09\/WhatsApp-Image-2024-09-04-at-5.21.46-PM.jpeg 1600w\" sizes=\"auto, (max-width: 1024px) 100vw, 1024px\" \/><\/figure>\n\n\n\n<h4 class=\"wp-block-heading\">Consignas de la Actividad 12<\/h4>\n\n\n\n<div data-wp-interactive=\"core\/file\" class=\"wp-block-file\"><object data-wp-bind--hidden=\"!state.hasPdfPreview\" hidden class=\"wp-block-file__embed\" data=\"https:\/\/dibujocb.net\/wp-content\/uploads\/2024\/08\/Consigna-de-la-Actividad-12.pdf\" type=\"application\/pdf\" style=\"width:100%;height:600px\" aria-label=\"Incrustado de Consigna-de-la-Actividad-12.\"><\/object><a id=\"wp-block-file--media-3e3d3795-297b-4b44-b291-05c6783b2139\" href=\"https:\/\/dibujocb.net\/wp-content\/uploads\/2024\/08\/Consigna-de-la-Actividad-12.pdf\">Consigna-de-la-Actividad-12<\/a><a href=\"https:\/\/dibujocb.net\/wp-content\/uploads\/2024\/08\/Consigna-de-la-Actividad-12.pdf\" class=\"wp-block-file__button wp-element-button\" download aria-describedby=\"wp-block-file--media-3e3d3795-297b-4b44-b291-05c6783b2139\">Descarga<\/a><\/div>\n","protected":false},"excerpt":{"rendered":"<p>ACTIVIDAD 12 AXONOMETR\u00cdAS &#8211; PROYECCIONES CIL\u00cdNDRICAS ORTOGONALES SOBRE PLANO \u00daNICO CORTES Axonometr\u00edas del Poliedro desde diferentes \u00e1ngulos Autor Gonzalo Buccella Consignas de la Actividad 12<\/p>\n","protected":false},"author":1,"featured_media":0,"parent":0,"menu_order":0,"comment_status":"closed","ping_status":"closed","template":"","meta":{"site-sidebar-layout":"default","site-content-layout":"","ast-site-content-layout":"default","site-content-style":"default","site-sidebar-style":"default","ast-global-header-display":"","ast-banner-title-visibility":"","ast-main-header-display":"","ast-hfb-above-header-display":"","ast-hfb-below-header-display":"","ast-hfb-mobile-header-display":"","site-post-title":"","ast-breadcrumbs-content":"","ast-featured-img":"","footer-sml-layout":"","ast-disable-related-posts":"","theme-transparent-header-meta":"","adv-header-id-meta":"","stick-header-meta":"","header-above-stick-meta":"","header-main-stick-meta":"","header-below-stick-meta":"","astra-migrate-meta-layouts":"default","ast-page-background-enabled":"default","ast-page-background-meta":{"desktop":{"background-color":"var(--ast-global-color-4)","background-image":"","background-repeat":"repeat","background-position":"center center","background-size":"auto","background-attachment":"scroll","background-type":"","background-media":"","overlay-type":"","overlay-color":"","overlay-opacity":"","overlay-gradient":""},"tablet":{"background-color":"","background-image":"","background-repeat":"repeat","background-position":"center center","background-size":"auto","background-attachment":"scroll","background-type":"","background-media":"","overlay-type":"","overlay-color":"","overlay-opacity":"","overlay-gradient":""},"mobile":{"background-color":"","background-image":"","background-repeat":"repeat","background-position":"center center","background-size":"auto","background-attachment":"scroll","background-type":"","background-media":"","overlay-type":"","overlay-color":"","overlay-opacity":"","overlay-gradient":""}},"ast-content-background-meta":{"desktop":{"background-color":"var(--ast-global-color-5)","background-image":"","background-repeat":"repeat","background-position":"center center","background-size":"auto","background-attachment":"scroll","background-type":"","background-media":"","overlay-type":"","overlay-color":"","overlay-opacity":"","overlay-gradient":""},"tablet":{"background-color":"var(--ast-global-color-5)","background-image":"","background-repeat":"repeat","background-position":"center center","background-size":"auto","background-attachment":"scroll","background-type":"","background-media":"","overlay-type":"","overlay-color":"","overlay-opacity":"","overlay-gradient":""},"mobile":{"background-color":"var(--ast-global-color-5)","background-image":"","background-repeat":"repeat","background-position":"center center","background-size":"auto","background-attachment":"scroll","background-type":"","background-media":"","overlay-type":"","overlay-color":"","overlay-opacity":"","overlay-gradient":""}},"footnotes":""},"class_list":["post-1291","page","type-page","status-publish","hentry"],"_links":{"self":[{"href":"https:\/\/dibujocb.net\/index.php\/wp-json\/wp\/v2\/pages\/1291","targetHints":{"allow":["GET"]}}],"collection":[{"href":"https:\/\/dibujocb.net\/index.php\/wp-json\/wp\/v2\/pages"}],"about":[{"href":"https:\/\/dibujocb.net\/index.php\/wp-json\/wp\/v2\/types\/page"}],"author":[{"embeddable":true,"href":"https:\/\/dibujocb.net\/index.php\/wp-json\/wp\/v2\/users\/1"}],"replies":[{"embeddable":true,"href":"https:\/\/dibujocb.net\/index.php\/wp-json\/wp\/v2\/comments?post=1291"}],"version-history":[{"count":15,"href":"https:\/\/dibujocb.net\/index.php\/wp-json\/wp\/v2\/pages\/1291\/revisions"}],"predecessor-version":[{"id":1821,"href":"https:\/\/dibujocb.net\/index.php\/wp-json\/wp\/v2\/pages\/1291\/revisions\/1821"}],"wp:attachment":[{"href":"https:\/\/dibujocb.net\/index.php\/wp-json\/wp\/v2\/media?parent=1291"}],"curies":[{"name":"wp","href":"https:\/\/api.w.org\/{rel}","templated":true}]}}