{"id":1206,"date":"2024-04-22T21:38:41","date_gmt":"2024-04-23T00:38:41","guid":{"rendered":"https:\/\/dibujocb.net\/?page_id=1206"},"modified":"2026-04-28T18:26:37","modified_gmt":"2026-04-28T21:26:37","slug":"anuncios","status":"publish","type":"page","link":"https:\/\/dibujocb.net\/index.php\/anuncios\/","title":{"rendered":"ANUNCIOS"},"content":{"rendered":"\n<h3 class=\"wp-block-heading\">Estimados estudiantes <\/h3>\n\n\n\n<h4 class=\"wp-block-heading\">El d\u00eda de ma\u00f1ana, mi\u00e9rcoles 29 de abril NO habr\u00e1 clases debido a que la sede San  Isidro permanecer\u00e1 cerrada.<\/h4>\n\n\n\n<p><\/p>\n\n\n\n<p><\/p>\n\n\n\n<h4 class=\"wp-block-heading\">Nos vemos el mi\u00e9rcoles 6 de mayo.<\/h4>\n\n\n\n<p><\/p>\n","protected":false},"excerpt":{"rendered":"<p>Estimados estudiantes El d\u00eda de ma\u00f1ana, mi\u00e9rcoles 29 de abril NO habr\u00e1 clases debido a que la sede San Isidro permanecer\u00e1 cerrada. Nos vemos el mi\u00e9rcoles 6 de mayo.<\/p>\n","protected":false},"author":1,"featured_media":0,"parent":0,"menu_order":0,"comment_status":"closed","ping_status":"closed","template":"","meta":{"site-sidebar-layout":"default","site-content-layout":"","ast-site-content-layout":"default","site-content-style":"default","site-sidebar-style":"default","ast-global-header-display":"","ast-banner-title-visibility":"","ast-main-header-display":"","ast-hfb-above-header-display":"","ast-hfb-below-header-display":"","ast-hfb-mobile-header-display":"","site-post-title":"","ast-breadcrumbs-content":"","ast-featured-img":"","footer-sml-layout":"","ast-disable-related-posts":"","theme-transparent-header-meta":"","adv-header-id-meta":"","stick-header-meta":"","header-above-stick-meta":"","header-main-stick-meta":"","header-below-stick-meta":"","astra-migrate-meta-layouts":"set","ast-page-background-enabled":"default","ast-page-background-meta":{"desktop":{"background-color":"var(--ast-global-color-4)","background-image":"","background-repeat":"repeat","background-position":"center center","background-size":"auto","background-attachment":"scroll","background-type":"","background-media":"","overlay-type":"","overlay-color":"","overlay-opacity":"","overlay-gradient":""},"tablet":{"background-color":"","background-image":"","background-repeat":"repeat","background-position":"center center","background-size":"auto","background-attachment":"scroll","background-type":"","background-media":"","overlay-type":"","overlay-color":"","overlay-opacity":"","overlay-gradient":""},"mobile":{"background-color":"","background-image":"","background-repeat":"repeat","background-position":"center center","background-size":"auto","background-attachment":"scroll","background-type":"","background-media":"","overlay-type":"","overlay-color":"","overlay-opacity":"","overlay-gradient":""}},"ast-content-background-meta":{"desktop":{"background-color":"var(--ast-global-color-5)","background-image":"","background-repeat":"repeat","background-position":"center center","background-size":"auto","background-attachment":"scroll","background-type":"","background-media":"","overlay-type":"","overlay-color":"","overlay-opacity":"","overlay-gradient":""},"tablet":{"background-color":"var(--ast-global-color-5)","background-image":"","background-repeat":"repeat","background-position":"center center","background-size":"auto","background-attachment":"scroll","background-type":"","background-media":"","overlay-type":"","overlay-color":"","overlay-opacity":"","overlay-gradient":""},"mobile":{"background-color":"var(--ast-global-color-5)","background-image":"","background-repeat":"repeat","background-position":"center center","background-size":"auto","background-attachment":"scroll","background-type":"","background-media":"","overlay-type":"","overlay-color":"","overlay-opacity":"","overlay-gradient":""}},"footnotes":""},"class_list":["post-1206","page","type-page","status-publish","hentry"],"_links":{"self":[{"href":"https:\/\/dibujocb.net\/index.php\/wp-json\/wp\/v2\/pages\/1206","targetHints":{"allow":["GET"]}}],"collection":[{"href":"https:\/\/dibujocb.net\/index.php\/wp-json\/wp\/v2\/pages"}],"about":[{"href":"https:\/\/dibujocb.net\/index.php\/wp-json\/wp\/v2\/types\/page"}],"author":[{"embeddable":true,"href":"https:\/\/dibujocb.net\/index.php\/wp-json\/wp\/v2\/users\/1"}],"replies":[{"embeddable":true,"href":"https:\/\/dibujocb.net\/index.php\/wp-json\/wp\/v2\/comments?post=1206"}],"version-history":[{"count":123,"href":"https:\/\/dibujocb.net\/index.php\/wp-json\/wp\/v2\/pages\/1206\/revisions"}],"predecessor-version":[{"id":2632,"href":"https:\/\/dibujocb.net\/index.php\/wp-json\/wp\/v2\/pages\/1206\/revisions\/2632"}],"wp:attachment":[{"href":"https:\/\/dibujocb.net\/index.php\/wp-json\/wp\/v2\/media?parent=1206"}],"curies":[{"name":"wp","href":"https:\/\/api.w.org\/{rel}","templated":true}]}}